{"id":323946,"date":"2024-04-27T13:35:36","date_gmt":"2024-04-27T11:35:36","guid":{"rendered":"https:\/\/www.pomoline.com\/web-pruebas\/producto\/tirador-asa-laton-viejo-herrajes-mueble-clasico-106x13mm-96mm\/"},"modified":"2025-03-13T21:59:00","modified_gmt":"2025-03-13T20:59:00","slug":"mobelknopf-griff-messing-alt-beschlage-mobel-klassisch-106x13mm-96mm","status":"publish","type":"product","link":"https:\/\/www.pomoline.com\/de\/produkt\/mobelknopf-griff-messing-alt-beschlage-mobel-klassisch-106x13mm-96mm\/","title":{"rendered":"M\u00d6BELKNOPF GRIFF MESSING ALT | BESCHL\u00c4GE M\u00d6BEL KLASSISCH 106x13MM | 96MM"},"content":{"rendered":"<p>Griffe und Kn\u00f6pfe im klassischen Stil f\u00fcr rustikale, Vintage und gealterte M\u00f6bel. Wir versenden sie mit den mitgelieferten Befestigungsschrauben und k\u00f6nnen an Schrankt\u00fcren und Schubladen montiert werden. Dieses besondere Modell ist MOD 204 Knopf Griff aus<\/p>\n","protected":false},"excerpt":{"rendered":"<p>Griffe und Kn\u00f6pfe im klassischen Stil f\u00fcr rustikale, Vintage und gealterte M\u00f6bel. Wir versenden sie mit den mitgelieferten Befestigungsschrauben und k\u00f6nnen an Schrankt\u00fcren und Schubladen montiert werden. Dieses besondere Modell ist MOD 204 Knopf Griff aus<\/p>\n","protected":false},"featured_media":408388,"template":"","meta":{"_joinchat":[]},"product_brand":[],"product_cat":[5187,965],"product_tag":[],"class_list":{"0":"post-323946","1":"product","2":"type-product","3":"status-publish","4":"has-post-thumbnail","6":"product_cat-mobelgriffe-und-knopfe-fur-schubladen","7":"product_cat-mobelknopfe-griffe-schublade-turgriffe-klassische-rustikale-design","8":"pa_color-alte-messing-schrankknopfe-griffe-wandaufhanger-turhaken-mobelbeine","9":"pa_distancia-agujeros-tornillos-tiradores-96-mm-entre-centros-de-tornillos-cajon-puerta-mueble-de","10":"pa_tendencia-art-deco-mobelgriffe","12":"first","13":"outofstock","14":"taxable","15":"shipping-taxable","16":"purchasable","17":"product-type-variable","18":"has-default-attributes","19":"wvs-archive-product-wrapper"},"_links":{"self":[{"href":"https:\/\/www.pomoline.com\/de\/wp-json\/wp\/v2\/product\/323946","targetHints":{"allow":["GET"]}}],"collection":[{"href":"https:\/\/www.pomoline.com\/de\/wp-json\/wp\/v2\/product"}],"about":[{"href":"https:\/\/www.pomoline.com\/de\/wp-json\/wp\/v2\/types\/product"}],"wp:featuredmedia":[{"embeddable":true,"href":"https:\/\/www.pomoline.com\/de\/wp-json\/wp\/v2\/media\/408388"}],"wp:attachment":[{"href":"https:\/\/www.pomoline.com\/de\/wp-json\/wp\/v2\/media?parent=323946"}],"wp:term":[{"taxonomy":"product_brand","embeddable":true,"href":"https:\/\/www.pomoline.com\/de\/wp-json\/wp\/v2\/product_brand?post=323946"},{"taxonomy":"product_cat","embeddable":true,"href":"https:\/\/www.pomoline.com\/de\/wp-json\/wp\/v2\/product_cat?post=323946"},{"taxonomy":"product_tag","embeddable":true,"href":"https:\/\/www.pomoline.com\/de\/wp-json\/wp\/v2\/product_tag?post=323946"}],"curies":[{"name":"wp","href":"https:\/\/api.w.org\/{rel}","templated":true}]}}