{"id":323982,"date":"2024-04-27T13:36:45","date_gmt":"2024-04-27T11:36:45","guid":{"rendered":"https:\/\/www.pomoline.com\/web-pruebas\/producto\/tirador-pomo-acabado-acero-satinado-para-mueble-cajonera-diseno\/"},"modified":"2025-03-13T21:56:25","modified_gmt":"2025-03-13T20:56:25","slug":"mobelknopf-knopf-finish-stahl-satiniert-fur-mobel-schubladenschrank-design","status":"publish","type":"product","link":"https:\/\/www.pomoline.com\/de\/produkt\/mobelknopf-knopf-finish-stahl-satiniert-fur-mobel-schubladenschrank-design\/","title":{"rendered":"M\u00d6BELKNOPF KNOPF FINISH STAHL SATINIERT F\u00dcR M\u00d6BEL SCHUBLADENSCHRANK DESIGN"},"content":{"rendered":"<p>Griffe und Kn\u00f6pfe im klassischen Stil f\u00fcr rustikale, Vintage und gealterte M\u00f6bel. Wir versenden sie mit den mitgelieferten Befestigungsschrauben und k\u00f6nnen an Schrankt\u00fcren und Schubladen montiert werden. Dieses besondere Modell ist MOD 178 M\u00f6belknopf Grif<\/p>\n","protected":false},"excerpt":{"rendered":"<p>Griffe und Kn\u00f6pfe im klassischen Stil f\u00fcr rustikale, Vintage und gealterte M\u00f6bel. Wir versenden sie mit den mitgelieferten Befestigungsschrauben und k\u00f6nnen an Schrankt\u00fcren und Schubladen montiert werden. Dieses besondere Modell ist MOD 178 M\u00f6belknopf Grif<\/p>\n","protected":false},"featured_media":408352,"template":"","meta":{"_joinchat":[]},"product_brand":[],"product_cat":[961,5187,973],"product_tag":[],"class_list":{"0":"post-323982","1":"product","2":"type-product","3":"status-publish","4":"has-post-thumbnail","6":"product_cat-griffe-fur-mobel","7":"product_cat-mobelgriffe-und-knopfe-fur-schubladen","8":"product_cat-knopfe-geschliffenes-horn-mobelknopfe-knochen-perlmutt-rustikale-ethnische","9":"pa_color-kupfer-schrank-griffe-griffe-wandaufhanger-turhaken-mobel-beine","10":"pa_color-alte-silberne-schrankgriffe-griffe-wandaufhanger-turhaken-mobelbeine","11":"pa_color-gold-schrank-knauf-griffe-wandaufhanger-turhaken-mobel-beine","12":"pa_color-inca-gold-matt-schrankknopfe-griffe-wandhaken-turhaken-mobelbeine","13":"pa_distancia-agujeros-tornillos-tiradores-64-mm-entre-centros-de-tornillos-cajon-puerta-mueble-de","14":"pa_distancia-agujeros-tornillos-tiradores-96-mm-entre-centros-de-tornillos-cajon-puerta-mueble-de","15":"pa_tendencia-schrank-knopfe-moderne-schublade","16":"pa_tendencia-art-deco-mobelgriffe","18":"first","19":"instock","20":"taxable","21":"shipping-taxable","22":"purchasable","23":"product-type-variable","24":"has-default-attributes","25":"wvs-archive-product-wrapper"},"_links":{"self":[{"href":"https:\/\/www.pomoline.com\/de\/wp-json\/wp\/v2\/product\/323982","targetHints":{"allow":["GET"]}}],"collection":[{"href":"https:\/\/www.pomoline.com\/de\/wp-json\/wp\/v2\/product"}],"about":[{"href":"https:\/\/www.pomoline.com\/de\/wp-json\/wp\/v2\/types\/product"}],"wp:featuredmedia":[{"embeddable":true,"href":"https:\/\/www.pomoline.com\/de\/wp-json\/wp\/v2\/media\/408352"}],"wp:attachment":[{"href":"https:\/\/www.pomoline.com\/de\/wp-json\/wp\/v2\/media?parent=323982"}],"wp:term":[{"taxonomy":"product_brand","embeddable":true,"href":"https:\/\/www.pomoline.com\/de\/wp-json\/wp\/v2\/product_brand?post=323982"},{"taxonomy":"product_cat","embeddable":true,"href":"https:\/\/www.pomoline.com\/de\/wp-json\/wp\/v2\/product_cat?post=323982"},{"taxonomy":"product_tag","embeddable":true,"href":"https:\/\/www.pomoline.com\/de\/wp-json\/wp\/v2\/product_tag?post=323982"}],"curies":[{"name":"wp","href":"https:\/\/api.w.org\/{rel}","templated":true}]}}