{"id":324018,"date":"2024-04-27T13:37:43","date_gmt":"2024-04-27T11:37:43","guid":{"rendered":"https:\/\/www.pomoline.com\/web-pruebas\/producto\/tirador-pomo-de-mueble-hueso-natural-tallado-diseno-colonial\/"},"modified":"2025-03-13T21:53:50","modified_gmt":"2025-03-13T20:53:50","slug":"mobelknopf-knopf-von-mobel-knochen-natur-geschnitzte-design-kolonial","status":"publish","type":"product","link":"https:\/\/www.pomoline.com\/de\/produkt\/mobelknopf-knopf-von-mobel-knochen-natur-geschnitzte-design-kolonial\/","title":{"rendered":"M\u00d6BELKNOPF KNOPF VON M\u00d6BEL KNOCHEN NATUR GESCHNITZTE DESIGN KOLONIAL"},"content":{"rendered":"<p>M\u00f6belkn\u00f6pfe und Griffe aus nat\u00fcrlichem Knochen. Sie sind Einzelst\u00fccke f\u00fcr ethnische oder koloniale Schrankschubladen.Dieses besondere Modell ist MOD 150 Griff M\u00f6belknopf Naturknochen geschnitzt koloniales Design<\/p>\n","protected":false},"excerpt":{"rendered":"<p>M\u00f6belkn\u00f6pfe und Griffe aus nat\u00fcrlichem Knochen. Sie sind Einzelst\u00fccke f\u00fcr ethnische oder koloniale Schrankschubladen.Dieses besondere Modell ist MOD 150 Griff M\u00f6belknopf Naturknochen geschnitzt koloniales Design<\/p>\n","protected":false},"featured_media":408315,"template":"","meta":{"_joinchat":[]},"product_brand":[],"product_cat":[5187,973],"product_tag":[],"class_list":{"0":"post-324018","1":"product","2":"type-product","3":"status-publish","4":"has-post-thumbnail","6":"product_cat-mobelgriffe-und-knopfe-fur-schubladen","7":"product_cat-knopfe-geschliffenes-horn-mobelknopfe-knochen-perlmutt-rustikale-ethnische","8":"pa_color-knochen-schrank-knaufe-griffe-wandaufhanger-turhaken-mobelbeine","9":"pa_tendencia-ethno-schrank-griffe-und-knopfe","11":"first","12":"instock","13":"taxable","14":"shipping-taxable","15":"purchasable","16":"product-type-variable","17":"has-default-attributes","18":"wvs-archive-product-wrapper"},"_links":{"self":[{"href":"https:\/\/www.pomoline.com\/de\/wp-json\/wp\/v2\/product\/324018","targetHints":{"allow":["GET"]}}],"collection":[{"href":"https:\/\/www.pomoline.com\/de\/wp-json\/wp\/v2\/product"}],"about":[{"href":"https:\/\/www.pomoline.com\/de\/wp-json\/wp\/v2\/types\/product"}],"wp:featuredmedia":[{"embeddable":true,"href":"https:\/\/www.pomoline.com\/de\/wp-json\/wp\/v2\/media\/408315"}],"wp:attachment":[{"href":"https:\/\/www.pomoline.com\/de\/wp-json\/wp\/v2\/media?parent=324018"}],"wp:term":[{"taxonomy":"product_brand","embeddable":true,"href":"https:\/\/www.pomoline.com\/de\/wp-json\/wp\/v2\/product_brand?post=324018"},{"taxonomy":"product_cat","embeddable":true,"href":"https:\/\/www.pomoline.com\/de\/wp-json\/wp\/v2\/product_cat?post=324018"},{"taxonomy":"product_tag","embeddable":true,"href":"https:\/\/www.pomoline.com\/de\/wp-json\/wp\/v2\/product_tag?post=324018"}],"curies":[{"name":"wp","href":"https:\/\/api.w.org\/{rel}","templated":true}]}}