{"id":324026,"date":"2024-04-27T13:37:55","date_gmt":"2024-04-27T11:37:55","guid":{"rendered":"https:\/\/www.pomoline.com\/web-pruebas\/producto\/pomos-y-tiradores-de-metal-para-el-mueble-rustico-30mm\/"},"modified":"2025-03-13T21:53:16","modified_gmt":"2025-03-13T20:53:16","slug":"knopfe-und-mobelknopfe-aus-metall-fur-die-rustikmobel-30mm","status":"publish","type":"product","link":"https:\/\/www.pomoline.com\/de\/produkt\/knopfe-und-mobelknopfe-aus-metall-fur-die-rustikmobel-30mm\/","title":{"rendered":"KN\u00d6PFE UND M\u00d6BELKN\u00d6PFE AUS METALL F\u00dcR DIE RUSTIKM\u00d6BEL 30MM"},"content":{"rendered":"<p>Kn\u00f6pfe und Griffe aus KRISTALL, Kristall, Metalll und Holz f\u00fcr montieren en Schubladen und T\u00fcren de M\u00f6bel verschlissen.Dieses besondere Modell ist MOD 121 Metalllkn\u00f6pfe und Griffe f\u00fcr rustikale M\u00f6bel 30mm<\/p>\n","protected":false},"excerpt":{"rendered":"<p>Kn\u00f6pfe und Griffe aus KRISTALL, Kristall, Metalll und Holz f\u00fcr montieren en Schubladen und T\u00fcren de M\u00f6bel verschlissen.Dieses besondere Modell ist MOD 121 Metalllkn\u00f6pfe und Griffe f\u00fcr rustikale M\u00f6bel 30mm<\/p>\n","protected":false},"featured_media":408307,"template":"","meta":{"_joinchat":[]},"product_brand":[],"product_cat":[5187,973],"product_tag":[],"class_list":{"0":"post-324026","1":"product","2":"type-product","3":"status-publish","4":"has-post-thumbnail","6":"product_cat-mobelgriffe-und-knopfe-fur-schubladen","7":"product_cat-knopfe-geschliffenes-horn-mobelknopfe-knochen-perlmutt-rustikale-ethnische","8":"pa_color-geburstetes-messing-schrankknopfe-griffe-wandhaken-turhaken-mobelbeine","9":"pa_tendencia-ethno-schrank-griffe-und-knopfe","11":"first","12":"instock","13":"taxable","14":"shipping-taxable","15":"purchasable","16":"product-type-variable","17":"has-default-attributes","18":"wvs-archive-product-wrapper"},"_links":{"self":[{"href":"https:\/\/www.pomoline.com\/de\/wp-json\/wp\/v2\/product\/324026","targetHints":{"allow":["GET"]}}],"collection":[{"href":"https:\/\/www.pomoline.com\/de\/wp-json\/wp\/v2\/product"}],"about":[{"href":"https:\/\/www.pomoline.com\/de\/wp-json\/wp\/v2\/types\/product"}],"wp:featuredmedia":[{"embeddable":true,"href":"https:\/\/www.pomoline.com\/de\/wp-json\/wp\/v2\/media\/408307"}],"wp:attachment":[{"href":"https:\/\/www.pomoline.com\/de\/wp-json\/wp\/v2\/media?parent=324026"}],"wp:term":[{"taxonomy":"product_brand","embeddable":true,"href":"https:\/\/www.pomoline.com\/de\/wp-json\/wp\/v2\/product_brand?post=324026"},{"taxonomy":"product_cat","embeddable":true,"href":"https:\/\/www.pomoline.com\/de\/wp-json\/wp\/v2\/product_cat?post=324026"},{"taxonomy":"product_tag","embeddable":true,"href":"https:\/\/www.pomoline.com\/de\/wp-json\/wp\/v2\/product_tag?post=324026"}],"curies":[{"name":"wp","href":"https:\/\/api.w.org\/{rel}","templated":true}]}}