{"id":324042,"date":"2024-04-27T13:38:18","date_gmt":"2024-04-27T11:38:18","guid":{"rendered":"https:\/\/www.pomoline.com\/web-pruebas\/producto\/asa-manillon-con-placa-de-laton-para-armario-y-puerta\/"},"modified":"2025-03-13T21:52:09","modified_gmt":"2025-03-13T20:52:09","slug":"griff-schiebe-turgriff-mit-schild-aus-messing-fur-schrank-und-tur","status":"publish","type":"product","link":"https:\/\/www.pomoline.com\/de\/produkt\/griff-schiebe-turgriff-mit-schild-aus-messing-fur-schrank-und-tur\/","title":{"rendered":"GRIFF SCHIEBE T\u00dcRGRIFF MIT SCHILD AUS MESSING F\u00dcR SCHRANK UND T\u00dcR"},"content":{"rendered":"<p>Griffe f\u00fcr Schrankt\u00fcr und Innenschublade mit allem notwendigen Montagezubeh\u00f6r und mit sehr guter Metalllverarbeitung. Dieses besondere Modell ist MOD 1070-04 Griff Schiebe T\u00fcrgriff mit Messing Schild f\u00fcr Schrank und T\u00fcr<\/p>\n","protected":false},"excerpt":{"rendered":"<p>Griffe f\u00fcr Schrankt\u00fcr und Innenschublade mit allem notwendigen Montagezubeh\u00f6r und mit sehr guter Metalllverarbeitung. Dieses besondere Modell ist MOD 1070-04 Griff Schiebe T\u00fcrgriff mit Messing Schild f\u00fcr Schrank und T\u00fcr<\/p>\n","protected":false},"featured_media":408291,"template":"","meta":{"_joinchat":[]},"product_brand":[],"product_cat":[5358,5355,1013],"product_tag":[],"class_list":{"0":"post-324042","1":"product","2":"type-product","3":"status-publish","4":"has-post-thumbnail","6":"product_cat-ofertas-de","7":"product_cat-ofertas","8":"product_cat-turgriffe-schiebe-turgriffe-rossette-turknopfe-schlusselloch-drehriegel-klinkenschloss","9":"pa_color-geburstetes-messing-schrankknopfe-griffe-wandhaken-turhaken-mobelbeine","10":"pa_tendencia-schiebeturgriffe","12":"first","13":"instock","14":"sale","15":"taxable","16":"shipping-taxable","17":"purchasable","18":"product-type-variable","19":"has-default-attributes","20":"wvs-archive-product-wrapper"},"_links":{"self":[{"href":"https:\/\/www.pomoline.com\/de\/wp-json\/wp\/v2\/product\/324042","targetHints":{"allow":["GET"]}}],"collection":[{"href":"https:\/\/www.pomoline.com\/de\/wp-json\/wp\/v2\/product"}],"about":[{"href":"https:\/\/www.pomoline.com\/de\/wp-json\/wp\/v2\/types\/product"}],"wp:featuredmedia":[{"embeddable":true,"href":"https:\/\/www.pomoline.com\/de\/wp-json\/wp\/v2\/media\/408291"}],"wp:attachment":[{"href":"https:\/\/www.pomoline.com\/de\/wp-json\/wp\/v2\/media?parent=324042"}],"wp:term":[{"taxonomy":"product_brand","embeddable":true,"href":"https:\/\/www.pomoline.com\/de\/wp-json\/wp\/v2\/product_brand?post=324042"},{"taxonomy":"product_cat","embeddable":true,"href":"https:\/\/www.pomoline.com\/de\/wp-json\/wp\/v2\/product_cat?post=324042"},{"taxonomy":"product_tag","embeddable":true,"href":"https:\/\/www.pomoline.com\/de\/wp-json\/wp\/v2\/product_tag?post=324042"}],"curies":[{"name":"wp","href":"https:\/\/api.w.org\/{rel}","templated":true}]}}