{"id":324054,"date":"2024-04-27T13:38:34","date_gmt":"2024-04-27T11:38:34","guid":{"rendered":"https:\/\/www.pomoline.com\/web-pruebas\/producto\/pomo-ceramica-aplique-laton-tirador-etnico-mueble-arabesque\/"},"modified":"2025-03-13T21:51:36","modified_gmt":"2025-03-13T20:51:36","slug":"knopf-keramik-ausfsatz-messing-mobelknopf-ethnisch-mobel-arabesk","status":"publish","type":"product","link":"https:\/\/www.pomoline.com\/de\/produkt\/knopf-keramik-ausfsatz-messing-mobelknopf-ethnisch-mobel-arabesk\/","title":{"rendered":"KNOPF KERAMIK AUSFSATZ MESSING | M\u00d6BELKNOPF ETHNISCH M\u00d6BEL ARABESK"},"content":{"rendered":"<p>Kn\u00f6pfe und Griffe f\u00fcr shabby chic rustikale Arabesque f\u00fcr M\u00f6belschublade. Die Designs sind wundersch\u00f6n und Sonnelen eine elegante koloniale Atmosph\u00e4re schaffen.Dieses besondere Modell ist MOD 1066 Keramikknopf Messing auftragen | arabesker ethnischer M\u00f6be<\/p>\n","protected":false},"excerpt":{"rendered":"<p>Kn\u00f6pfe und Griffe f\u00fcr shabby chic rustikale Arabesque f\u00fcr M\u00f6belschublade. Die Designs sind wundersch\u00f6n und Sonnelen eine elegante koloniale Atmosph\u00e4re schaffen.Dieses besondere Modell ist MOD 1066 Keramikknopf Messing auftragen | arabesker ethnischer M\u00f6be<\/p>\n","protected":false},"featured_media":408283,"template":"","meta":{"_joinchat":[]},"product_brand":[],"product_cat":[5187,977],"product_tag":[],"class_list":{"0":"post-324054","1":"product","2":"type-product","3":"status-publish","4":"has-post-thumbnail","6":"product_cat-mobelgriffe-und-knopfe-fur-schubladen","7":"product_cat-mobelknopfe-griffe-vintage-shabby-chic-klassische-provence-schublade","8":"pa_color-alte-silberne-schrankgriffe-griffe-wandaufhanger-turhaken-mobelbeine","9":"pa_color-gold-schrank-knauf-griffe-wandaufhanger-turhaken-mobel-beine","10":"pa_tendencia-klassische-porzellan-knopfe-fur-mobel","12":"first","13":"instock","14":"taxable","15":"shipping-taxable","16":"purchasable","17":"product-type-variable","18":"has-default-attributes","19":"wvs-archive-product-wrapper"},"_links":{"self":[{"href":"https:\/\/www.pomoline.com\/de\/wp-json\/wp\/v2\/product\/324054","targetHints":{"allow":["GET"]}}],"collection":[{"href":"https:\/\/www.pomoline.com\/de\/wp-json\/wp\/v2\/product"}],"about":[{"href":"https:\/\/www.pomoline.com\/de\/wp-json\/wp\/v2\/types\/product"}],"wp:featuredmedia":[{"embeddable":true,"href":"https:\/\/www.pomoline.com\/de\/wp-json\/wp\/v2\/media\/408283"}],"wp:attachment":[{"href":"https:\/\/www.pomoline.com\/de\/wp-json\/wp\/v2\/media?parent=324054"}],"wp:term":[{"taxonomy":"product_brand","embeddable":true,"href":"https:\/\/www.pomoline.com\/de\/wp-json\/wp\/v2\/product_brand?post=324054"},{"taxonomy":"product_cat","embeddable":true,"href":"https:\/\/www.pomoline.com\/de\/wp-json\/wp\/v2\/product_cat?post=324054"},{"taxonomy":"product_tag","embeddable":true,"href":"https:\/\/www.pomoline.com\/de\/wp-json\/wp\/v2\/product_tag?post=324054"}],"curies":[{"name":"wp","href":"https:\/\/api.w.org\/{rel}","templated":true}]}}