{"id":324066,"date":"2024-04-27T13:38:49","date_gmt":"2024-04-27T11:38:49","guid":{"rendered":"https:\/\/www.pomoline.com\/web-pruebas\/producto\/tirador-pomo-de-mueble-hueso-tallado-hecho-a-mano-diseno-colonial\/"},"modified":"2025-03-13T21:50:46","modified_gmt":"2025-03-13T20:50:46","slug":"mobelknopf-knopf-von-mobel-geschliffenes-knochen-handgemacht-design-kolonial","status":"publish","type":"product","link":"https:\/\/www.pomoline.com\/de\/produkt\/mobelknopf-knopf-von-mobel-geschliffenes-knochen-handgemacht-design-kolonial\/","title":{"rendered":"M\u00d6BELKNOPF KNOPF VON M\u00d6BEL GESCHLIFFENES KNOCHEN | HANDGEMACHT DESIGN KOLONIAL"},"content":{"rendered":"<p>M\u00f6belkn\u00f6pfe und Griffe aus nat\u00fcrlichem Knochen. Sie sind Einzelst\u00fccke f\u00fcr ethnische oder koloniale Schrankschubladen.Dieses besondere Modell ist MOD 106 Griff M\u00f6belknopf geschnitzter Knochen : handgefertigtes Kolonialdesign<\/p>\n","protected":false},"excerpt":{"rendered":"<p>M\u00f6belkn\u00f6pfe und Griffe aus nat\u00fcrlichem Knochen. Sie sind Einzelst\u00fccke f\u00fcr ethnische oder koloniale Schrankschubladen.Dieses besondere Modell ist MOD 106 Griff M\u00f6belknopf geschnitzter Knochen : handgefertigtes Kolonialdesign<\/p>\n","protected":false},"featured_media":408271,"template":"","meta":{"_joinchat":[]},"product_brand":[],"product_cat":[5187,973],"product_tag":[],"class_list":{"0":"post-324066","1":"product","2":"type-product","3":"status-publish","4":"has-post-thumbnail","6":"product_cat-mobelgriffe-und-knopfe-fur-schubladen","7":"product_cat-knopfe-geschliffenes-horn-mobelknopfe-knochen-perlmutt-rustikale-ethnische","8":"pa_color-knochen-schrank-knaufe-griffe-wandaufhanger-turhaken-mobelbeine","9":"pa_tendencia-ethno-schrank-griffe-und-knopfe","11":"first","12":"outofstock","13":"taxable","14":"shipping-taxable","15":"purchasable","16":"product-type-variable","17":"has-default-attributes","18":"wvs-archive-product-wrapper"},"_links":{"self":[{"href":"https:\/\/www.pomoline.com\/de\/wp-json\/wp\/v2\/product\/324066","targetHints":{"allow":["GET"]}}],"collection":[{"href":"https:\/\/www.pomoline.com\/de\/wp-json\/wp\/v2\/product"}],"about":[{"href":"https:\/\/www.pomoline.com\/de\/wp-json\/wp\/v2\/types\/product"}],"wp:featuredmedia":[{"embeddable":true,"href":"https:\/\/www.pomoline.com\/de\/wp-json\/wp\/v2\/media\/408271"}],"wp:attachment":[{"href":"https:\/\/www.pomoline.com\/de\/wp-json\/wp\/v2\/media?parent=324066"}],"wp:term":[{"taxonomy":"product_brand","embeddable":true,"href":"https:\/\/www.pomoline.com\/de\/wp-json\/wp\/v2\/product_brand?post=324066"},{"taxonomy":"product_cat","embeddable":true,"href":"https:\/\/www.pomoline.com\/de\/wp-json\/wp\/v2\/product_cat?post=324066"},{"taxonomy":"product_tag","embeddable":true,"href":"https:\/\/www.pomoline.com\/de\/wp-json\/wp\/v2\/product_tag?post=324066"}],"curies":[{"name":"wp","href":"https:\/\/api.w.org\/{rel}","templated":true}]}}