{"id":324070,"date":"2024-04-27T13:38:54","date_gmt":"2024-04-27T11:38:54","guid":{"rendered":"https:\/\/www.pomoline.com\/web-pruebas\/producto\/tirador-asa-cromo-con-grabado-laser-hojas-mueble-diseno-moderno\/"},"modified":"2025-03-13T21:50:28","modified_gmt":"2025-03-13T20:50:28","slug":"mobelknopf-griff-chrom-mit-lasergravierte-blatter-mobel-modernes-design","status":"publish","type":"product","link":"https:\/\/www.pomoline.com\/de\/produkt\/mobelknopf-griff-chrom-mit-lasergravierte-blatter-mobel-modernes-design\/","title":{"rendered":"M\u00d6BELKNOPF GRIFF CHROM MIT LASERGRAVIERTE BL\u00c4TTER | M\u00d6BEL MODERNES DESIGN"},"content":{"rendered":"<p>Eleganter M\u00f6belknopf aus gl\u00e4nzendem Metall mit einer Lasergravur einer Blattfigur, um eine raffinierte Atmosph\u00e4re zu schaffen und Ihre M\u00f6bel hervorzuheben, von hoher Qualit\u00e4t und Herstellung in Europa, bietet einen klassischen Look und l\u00e4sst sich mit den<\/p>\n","protected":false},"excerpt":{"rendered":"<p>Eleganter M\u00f6belknopf aus gl\u00e4nzendem Metall mit einer Lasergravur einer Blattfigur, um eine raffinierte Atmosph\u00e4re zu schaffen und Ihre M\u00f6bel hervorzuheben, von hoher Qualit\u00e4t und Herstellung in Europa, bietet einen klassischen Look und l\u00e4sst sich mit den<\/p>\n","protected":false},"featured_media":408267,"template":"","meta":{"_joinchat":[]},"product_brand":[],"product_cat":[5187,1009],"product_tag":[],"class_list":{"0":"post-324070","1":"product","2":"type-product","3":"status-publish","4":"has-post-thumbnail","6":"product_cat-mobelgriffe-und-knopfe-fur-schubladen","7":"product_cat-mobelknopfe-swarovski-kristall-strass-luxury-italienisches-design","8":"pa_color-chrom-schrank-knauf-griffe-wandaufhanger-turhaken-mobel-beine","9":"pa_distancia-agujeros-tornillos-tiradores-64-mm-entre-centros-de-tornillos-cajon-puerta-mueble-de","10":"pa_tendencia-luxus-mobel-griffe","12":"first","13":"instock","14":"taxable","15":"shipping-taxable","16":"purchasable","17":"product-type-variable","18":"has-default-attributes","19":"wvs-archive-product-wrapper"},"_links":{"self":[{"href":"https:\/\/www.pomoline.com\/de\/wp-json\/wp\/v2\/product\/324070","targetHints":{"allow":["GET"]}}],"collection":[{"href":"https:\/\/www.pomoline.com\/de\/wp-json\/wp\/v2\/product"}],"about":[{"href":"https:\/\/www.pomoline.com\/de\/wp-json\/wp\/v2\/types\/product"}],"wp:featuredmedia":[{"embeddable":true,"href":"https:\/\/www.pomoline.com\/de\/wp-json\/wp\/v2\/media\/408267"}],"wp:attachment":[{"href":"https:\/\/www.pomoline.com\/de\/wp-json\/wp\/v2\/media?parent=324070"}],"wp:term":[{"taxonomy":"product_brand","embeddable":true,"href":"https:\/\/www.pomoline.com\/de\/wp-json\/wp\/v2\/product_brand?post=324070"},{"taxonomy":"product_cat","embeddable":true,"href":"https:\/\/www.pomoline.com\/de\/wp-json\/wp\/v2\/product_cat?post=324070"},{"taxonomy":"product_tag","embeddable":true,"href":"https:\/\/www.pomoline.com\/de\/wp-json\/wp\/v2\/product_tag?post=324070"}],"curies":[{"name":"wp","href":"https:\/\/api.w.org\/{rel}","templated":true}]}}