{"id":324078,"date":"2024-04-27T13:39:05","date_gmt":"2024-04-27T11:39:05","guid":{"rendered":"https:\/\/www.pomoline.com\/web-pruebas\/producto\/tirador-asa-polipiel-trenzada-beige-mate-mueble-diseno-moderno\/"},"modified":"2025-03-13T21:49:53","modified_gmt":"2025-03-13T20:49:53","slug":"mobelknopf-griff-kunstleder-geflochten-beige-matt-mobel-modernes-design","status":"publish","type":"product","link":"https:\/\/www.pomoline.com\/de\/produkt\/mobelknopf-griff-kunstleder-geflochten-beige-matt-mobel-modernes-design\/","title":{"rendered":"M\u00d6BELKNOPF GRIFF KUNSTLEDER GEFLOCHTEN BEIGE MATT | M\u00d6BEL MODERNES DESIGN"},"content":{"rendered":"<p>Eleganter M\u00f6belknauf aus gl\u00e4nzendem Metall, bezogen mit Kunstleder in geflochtener Lederoptik, um eine edle Atmosph\u00e4re zu schaffen und Ihre M\u00f6bel hervorzuheben, hochwertig und in Europa hergestellt, bietet er einen klassischen Look und l\u00e4sst sich mit den<\/p>\n","protected":false},"excerpt":{"rendered":"<p>Eleganter M\u00f6belknauf aus gl\u00e4nzendem Metall, bezogen mit Kunstleder in geflochtener Lederoptik, um eine edle Atmosph\u00e4re zu schaffen und Ihre M\u00f6bel hervorzuheben, hochwertig und in Europa hergestellt, bietet er einen klassischen Look und l\u00e4sst sich mit den<\/p>\n","protected":false},"featured_media":408259,"template":"","meta":{"_joinchat":[]},"product_brand":[],"product_cat":[5187,997],"product_tag":[],"class_list":{"0":"post-324078","1":"product","2":"type-product","3":"status-publish","4":"has-post-thumbnail","6":"product_cat-mobelgriffe-und-knopfe-fur-schubladen","7":"product_cat-mobelknopfe-aus-leder-und-stoff-griffe-fur-mobelschublade","8":"pa_color-schwarz-schrank-griffe-griffe-wandaufhanger-turhaken-mobelbeine","9":"pa_color-weis-schrank-griffe-griffe-wandhaken-turhaken-mobelbeine","10":"pa_distancia-agujeros-tornillos-tiradores-32-mm-entre-centros-de-tornillos-cajon-puerta-mueble-de","11":"pa_tendencia-leder-stoff-knopfe-fur-mobel","13":"first","14":"instock","15":"taxable","16":"shipping-taxable","17":"purchasable","18":"product-type-variable","19":"has-default-attributes","20":"wvs-archive-product-wrapper"},"_links":{"self":[{"href":"https:\/\/www.pomoline.com\/de\/wp-json\/wp\/v2\/product\/324078","targetHints":{"allow":["GET"]}}],"collection":[{"href":"https:\/\/www.pomoline.com\/de\/wp-json\/wp\/v2\/product"}],"about":[{"href":"https:\/\/www.pomoline.com\/de\/wp-json\/wp\/v2\/types\/product"}],"wp:featuredmedia":[{"embeddable":true,"href":"https:\/\/www.pomoline.com\/de\/wp-json\/wp\/v2\/media\/408259"}],"wp:attachment":[{"href":"https:\/\/www.pomoline.com\/de\/wp-json\/wp\/v2\/media?parent=324078"}],"wp:term":[{"taxonomy":"product_brand","embeddable":true,"href":"https:\/\/www.pomoline.com\/de\/wp-json\/wp\/v2\/product_brand?post=324078"},{"taxonomy":"product_cat","embeddable":true,"href":"https:\/\/www.pomoline.com\/de\/wp-json\/wp\/v2\/product_cat?post=324078"},{"taxonomy":"product_tag","embeddable":true,"href":"https:\/\/www.pomoline.com\/de\/wp-json\/wp\/v2\/product_tag?post=324078"}],"curies":[{"name":"wp","href":"https:\/\/api.w.org\/{rel}","templated":true}]}}