{"id":324082,"date":"2024-04-27T13:39:12","date_gmt":"2024-04-27T11:39:12","guid":{"rendered":"https:\/\/www.pomoline.com\/web-pruebas\/producto\/tirador-asa-polipiel-serpiente-beige-mate-mueble-diseno-moderno\/"},"modified":"2025-03-13T21:49:38","modified_gmt":"2025-03-13T20:49:38","slug":"mobelknopf-griff-kunstleder-schlange-beige-matt-mobel-modernes-design","status":"publish","type":"product","link":"https:\/\/www.pomoline.com\/de\/produkt\/mobelknopf-griff-kunstleder-schlange-beige-matt-mobel-modernes-design\/","title":{"rendered":"M\u00d6BELKNOPF GRIFF KUNSTLEDER SCHLANGE BEIGE MATT | M\u00d6BEL MODERNES DESIGN"},"content":{"rendered":"<p>Eleganter, gl\u00e4nzender Metall-M\u00f6belknopf, der mit Kunstleder in Schlangenhautoptik \u00fcberzogen ist, um eine raffinierte Atmosph\u00e4re zu schaffen und Ihre M\u00f6bel hervorzuheben, hochwertig und in Europa hergestellt, bietet er einen klassischen Look und l\u00e4sst sich<\/p>\n","protected":false},"excerpt":{"rendered":"<p>Eleganter, gl\u00e4nzender Metall-M\u00f6belknopf, der mit Kunstleder in Schlangenhautoptik \u00fcberzogen ist, um eine raffinierte Atmosph\u00e4re zu schaffen und Ihre M\u00f6bel hervorzuheben, hochwertig und in Europa hergestellt, bietet er einen klassischen Look und l\u00e4sst sich<\/p>\n","protected":false},"featured_media":408255,"template":"","meta":{"_joinchat":[]},"product_brand":[],"product_cat":[5187,997],"product_tag":[],"class_list":{"0":"post-324082","1":"product","2":"type-product","3":"status-publish","4":"has-post-thumbnail","6":"product_cat-mobelgriffe-und-knopfe-fur-schubladen","7":"product_cat-mobelknopfe-aus-leder-und-stoff-griffe-fur-mobelschublade","8":"pa_color-weis-schrank-griffe-griffe-wandhaken-turhaken-mobelbeine","9":"pa_color-beige-schrank-knauf-griffe-wandaufhanger-tur-haken-mobel-beine","10":"pa_distancia-agujeros-tornillos-tiradores-32-mm-entre-centros-de-tornillos-cajon-puerta-mueble-de","11":"pa_tendencia-leder-stoff-knopfe-fur-mobel","13":"first","14":"instock","15":"taxable","16":"shipping-taxable","17":"purchasable","18":"product-type-variable","19":"has-default-attributes","20":"wvs-archive-product-wrapper"},"_links":{"self":[{"href":"https:\/\/www.pomoline.com\/de\/wp-json\/wp\/v2\/product\/324082","targetHints":{"allow":["GET"]}}],"collection":[{"href":"https:\/\/www.pomoline.com\/de\/wp-json\/wp\/v2\/product"}],"about":[{"href":"https:\/\/www.pomoline.com\/de\/wp-json\/wp\/v2\/types\/product"}],"wp:featuredmedia":[{"embeddable":true,"href":"https:\/\/www.pomoline.com\/de\/wp-json\/wp\/v2\/media\/408255"}],"wp:attachment":[{"href":"https:\/\/www.pomoline.com\/de\/wp-json\/wp\/v2\/media?parent=324082"}],"wp:term":[{"taxonomy":"product_brand","embeddable":true,"href":"https:\/\/www.pomoline.com\/de\/wp-json\/wp\/v2\/product_brand?post=324082"},{"taxonomy":"product_cat","embeddable":true,"href":"https:\/\/www.pomoline.com\/de\/wp-json\/wp\/v2\/product_cat?post=324082"},{"taxonomy":"product_tag","embeddable":true,"href":"https:\/\/www.pomoline.com\/de\/wp-json\/wp\/v2\/product_tag?post=324082"}],"curies":[{"name":"wp","href":"https:\/\/api.w.org\/{rel}","templated":true}]}}