{"id":324086,"date":"2024-04-27T13:39:20","date_gmt":"2024-04-27T11:39:20","guid":{"rendered":"https:\/\/www.pomoline.com\/web-pruebas\/producto\/tirador-pomo-de-mueble-swarovski-cromo-brillo-diseno-luxury-16mm\/"},"modified":"2025-03-13T21:49:21","modified_gmt":"2025-03-13T20:49:21","slug":"mobelknopf-knopf-von-mobel-swarovski-chrom-glanzend-design-luxury-16mm","status":"publish","type":"product","link":"https:\/\/www.pomoline.com\/de\/produkt\/mobelknopf-knopf-von-mobel-swarovski-chrom-glanzend-design-luxury-16mm\/","title":{"rendered":"M\u00d6BELKNOPF KNOPF VON M\u00d6BEL SWAROVSKI |CHROM GL\u00c4NZEND DESIGN LUXURY 16MM"},"content":{"rendered":"<p>M\u00f6belkn\u00f6pfe im exklusiven Design aus Kristall im Svaroski-Schliff.Dieses besondere Modell ist MOD 1009 Griff M\u00f6belknopf swarovski | Chromglanz Luxus Design16mm<\/p>\n","protected":false},"excerpt":{"rendered":"<p>M\u00f6belkn\u00f6pfe im exklusiven Design aus Kristall im Svaroski-Schliff.Dieses besondere Modell ist MOD 1009 Griff M\u00f6belknopf swarovski | Chromglanz Luxus Design16mm<\/p>\n","protected":false},"featured_media":408251,"template":"","meta":{"_joinchat":[]},"product_brand":[],"product_cat":[5358,5187,1009,5355],"product_tag":[],"class_list":{"0":"post-324086","1":"product","2":"type-product","3":"status-publish","4":"has-post-thumbnail","6":"product_cat-ofertas-de","7":"product_cat-mobelgriffe-und-knopfe-fur-schubladen","8":"product_cat-mobelknopfe-swarovski-kristall-strass-luxury-italienisches-design","9":"product_cat-ofertas","10":"pa_color-chrom-schrank-knauf-griffe-wandaufhanger-turhaken-mobel-beine","11":"pa_tendencia-luxus-mobel-griffe","13":"first","14":"instock","15":"sale","16":"taxable","17":"shipping-taxable","18":"purchasable","19":"product-type-variable","20":"has-default-attributes","21":"wvs-archive-product-wrapper"},"_links":{"self":[{"href":"https:\/\/www.pomoline.com\/de\/wp-json\/wp\/v2\/product\/324086","targetHints":{"allow":["GET"]}}],"collection":[{"href":"https:\/\/www.pomoline.com\/de\/wp-json\/wp\/v2\/product"}],"about":[{"href":"https:\/\/www.pomoline.com\/de\/wp-json\/wp\/v2\/types\/product"}],"wp:featuredmedia":[{"embeddable":true,"href":"https:\/\/www.pomoline.com\/de\/wp-json\/wp\/v2\/media\/408251"}],"wp:attachment":[{"href":"https:\/\/www.pomoline.com\/de\/wp-json\/wp\/v2\/media?parent=324086"}],"wp:term":[{"taxonomy":"product_brand","embeddable":true,"href":"https:\/\/www.pomoline.com\/de\/wp-json\/wp\/v2\/product_brand?post=324086"},{"taxonomy":"product_cat","embeddable":true,"href":"https:\/\/www.pomoline.com\/de\/wp-json\/wp\/v2\/product_cat?post=324086"},{"taxonomy":"product_tag","embeddable":true,"href":"https:\/\/www.pomoline.com\/de\/wp-json\/wp\/v2\/product_tag?post=324086"}],"curies":[{"name":"wp","href":"https:\/\/api.w.org\/{rel}","templated":true}]}}