{"id":324090,"date":"2024-04-27T13:39:26","date_gmt":"2024-04-27T11:39:26","guid":{"rendered":"https:\/\/www.pomoline.com\/web-pruebas\/producto\/tirador-pomo-mueble-swarovski-plata-mate-diseno-italiano-luxury-30mm\/"},"modified":"2025-03-13T21:49:06","modified_gmt":"2025-03-13T20:49:06","slug":"mobelknopf-knopf-mobel-swarovski-silber-matt-design-italienisch-luxury-30mm","status":"publish","type":"product","link":"https:\/\/www.pomoline.com\/de\/produkt\/mobelknopf-knopf-mobel-swarovski-silber-matt-design-italienisch-luxury-30mm\/","title":{"rendered":"M\u00d6BELKNOPF KNOPF M\u00d6BEL SWAROVSKI | SILBER MATT DESIGN ITALIENISCH LUXURY 30MM"},"content":{"rendered":"<p>M\u00f6belkn\u00f6pfe im exklusiven Design aus Kristall im Svaroski-Schliff.Dieses besondere Modell ist MOD 1008 Griff M\u00f6belknopf Swarovski | matt silber italienisches design luxus 30mm<\/p>\n","protected":false},"excerpt":{"rendered":"<p>M\u00f6belkn\u00f6pfe im exklusiven Design aus Kristall im Svaroski-Schliff.Dieses besondere Modell ist MOD 1008 Griff M\u00f6belknopf Swarovski | matt silber italienisches design luxus 30mm<\/p>\n","protected":false},"featured_media":408247,"template":"","meta":{"_joinchat":[]},"product_brand":[],"product_cat":[5358,5187,1009,5355],"product_tag":[],"class_list":{"0":"post-324090","1":"product","2":"type-product","3":"status-publish","4":"has-post-thumbnail","6":"product_cat-ofertas-de","7":"product_cat-mobelgriffe-und-knopfe-fur-schubladen","8":"product_cat-mobelknopfe-swarovski-kristall-strass-luxury-italienisches-design","9":"product_cat-ofertas","10":"pa_color-alte-silberne-schrankgriffe-griffe-wandaufhanger-turhaken-mobelbeine","11":"pa_tendencia-luxus-mobel-griffe","13":"first","14":"instock","15":"sale","16":"taxable","17":"shipping-taxable","18":"purchasable","19":"product-type-variable","20":"has-default-attributes","21":"wvs-archive-product-wrapper"},"_links":{"self":[{"href":"https:\/\/www.pomoline.com\/de\/wp-json\/wp\/v2\/product\/324090","targetHints":{"allow":["GET"]}}],"collection":[{"href":"https:\/\/www.pomoline.com\/de\/wp-json\/wp\/v2\/product"}],"about":[{"href":"https:\/\/www.pomoline.com\/de\/wp-json\/wp\/v2\/types\/product"}],"wp:featuredmedia":[{"embeddable":true,"href":"https:\/\/www.pomoline.com\/de\/wp-json\/wp\/v2\/media\/408247"}],"wp:attachment":[{"href":"https:\/\/www.pomoline.com\/de\/wp-json\/wp\/v2\/media?parent=324090"}],"wp:term":[{"taxonomy":"product_brand","embeddable":true,"href":"https:\/\/www.pomoline.com\/de\/wp-json\/wp\/v2\/product_brand?post=324090"},{"taxonomy":"product_cat","embeddable":true,"href":"https:\/\/www.pomoline.com\/de\/wp-json\/wp\/v2\/product_cat?post=324090"},{"taxonomy":"product_tag","embeddable":true,"href":"https:\/\/www.pomoline.com\/de\/wp-json\/wp\/v2\/product_tag?post=324090"}],"curies":[{"name":"wp","href":"https:\/\/api.w.org\/{rel}","templated":true}]}}