{"id":324102,"date":"2024-04-27T13:39:42","date_gmt":"2024-04-27T11:39:42","guid":{"rendered":"https:\/\/www.pomoline.com\/web-pruebas\/producto\/tirador-asa-mueble-swarovski-plata-mate-diseno-italiano-luxury-96mm\/"},"modified":"2025-03-13T21:48:13","modified_gmt":"2025-03-13T20:48:13","slug":"mobelknopf-griff-mobel-swarovski-silber-matt-design-italienisch-luxury-96mm","status":"publish","type":"product","link":"https:\/\/www.pomoline.com\/de\/produkt\/mobelknopf-griff-mobel-swarovski-silber-matt-design-italienisch-luxury-96mm\/","title":{"rendered":"M\u00d6BELKNOPF GRIFF M\u00d6BEL SWAROVSKI | SILBER MATT DESIGN ITALIENISCH LUXURY 96MM"},"content":{"rendered":"<p>M\u00f6belkn\u00f6pfe im exklusiven Design aus Kristall im Svaroski-Schliff.Dieses besondere Modell ist MOD 1005 Knopf M\u00f6belgriff Swarovski | matt silber italienisches design luxus 96mm<\/p>\n","protected":false},"excerpt":{"rendered":"<p>M\u00f6belkn\u00f6pfe im exklusiven Design aus Kristall im Svaroski-Schliff.Dieses besondere Modell ist MOD 1005 Knopf M\u00f6belgriff Swarovski | matt silber italienisches design luxus 96mm<\/p>\n","protected":false},"featured_media":408235,"template":"","meta":{"_joinchat":[]},"product_brand":[],"product_cat":[5358,5187,1009,5355],"product_tag":[],"class_list":{"0":"post-324102","1":"product","2":"type-product","3":"status-publish","4":"has-post-thumbnail","6":"product_cat-ofertas-de","7":"product_cat-mobelgriffe-und-knopfe-fur-schubladen","8":"product_cat-mobelknopfe-swarovski-kristall-strass-luxury-italienisches-design","9":"product_cat-ofertas","10":"pa_color-alte-silberne-schrankgriffe-griffe-wandaufhanger-turhaken-mobelbeine","11":"pa_distancia-agujeros-tornillos-tiradores-96-mm-entre-centros-de-tornillos-cajon-puerta-mueble-de","12":"pa_tendencia-luxus-mobel-griffe","14":"first","15":"instock","16":"sale","17":"taxable","18":"shipping-taxable","19":"purchasable","20":"product-type-variable","21":"has-default-attributes","22":"wvs-archive-product-wrapper"},"_links":{"self":[{"href":"https:\/\/www.pomoline.com\/de\/wp-json\/wp\/v2\/product\/324102","targetHints":{"allow":["GET"]}}],"collection":[{"href":"https:\/\/www.pomoline.com\/de\/wp-json\/wp\/v2\/product"}],"about":[{"href":"https:\/\/www.pomoline.com\/de\/wp-json\/wp\/v2\/types\/product"}],"wp:featuredmedia":[{"embeddable":true,"href":"https:\/\/www.pomoline.com\/de\/wp-json\/wp\/v2\/media\/408235"}],"wp:attachment":[{"href":"https:\/\/www.pomoline.com\/de\/wp-json\/wp\/v2\/media?parent=324102"}],"wp:term":[{"taxonomy":"product_brand","embeddable":true,"href":"https:\/\/www.pomoline.com\/de\/wp-json\/wp\/v2\/product_brand?post=324102"},{"taxonomy":"product_cat","embeddable":true,"href":"https:\/\/www.pomoline.com\/de\/wp-json\/wp\/v2\/product_cat?post=324102"},{"taxonomy":"product_tag","embeddable":true,"href":"https:\/\/www.pomoline.com\/de\/wp-json\/wp\/v2\/product_tag?post=324102"}],"curies":[{"name":"wp","href":"https:\/\/api.w.org\/{rel}","templated":true}]}}