{"id":324110,"date":"2024-04-27T13:39:54","date_gmt":"2024-04-27T11:39:54","guid":{"rendered":"https:\/\/www.pomoline.com\/web-pruebas\/producto\/tirador-96mm-asa-cromo-mate-herrajes-mueble-cocina\/"},"modified":"2025-03-13T21:47:39","modified_gmt":"2025-03-13T20:47:39","slug":"mobelknopf-96mmgriff-chrom-matt-beschlage-mobel-kuche","status":"publish","type":"product","link":"https:\/\/www.pomoline.com\/de\/produkt\/mobelknopf-96mmgriff-chrom-matt-beschlage-mobel-kuche\/","title":{"rendered":"M\u00d6BELKNOPF 96MMGRIFF CHROM MATT | BESCHL\u00c4GE M\u00d6BEL K\u00dcCHE"},"content":{"rendered":"<p>Wir bieten Ihnen Metalllgriffe f\u00fcr T\u00fcren und K\u00fcchenschr\u00e4nke mit matten Chrom, Nickel und Stahloberfl\u00e4chen. Die Designs sind exklusiv und sehr aktuell, ideal f\u00fcr die Montage in Schubladen. Dieses besondere Modell ist MOD 099 M\u00f6belgriff 96mm Griff matt ver<\/p>\n","protected":false},"excerpt":{"rendered":"<p>Wir bieten Ihnen Metalllgriffe f\u00fcr T\u00fcren und K\u00fcchenschr\u00e4nke mit matten Chrom, Nickel und Stahloberfl\u00e4chen. Die Designs sind exklusiv und sehr aktuell, ideal f\u00fcr die Montage in Schubladen. Dieses besondere Modell ist MOD 099 M\u00f6belgriff 96mm Griff matt ver<\/p>\n","protected":false},"featured_media":408227,"template":"","meta":{"_joinchat":[]},"product_brand":[],"product_cat":[5187,957],"product_tag":[],"class_list":{"0":"post-324110","1":"product","2":"type-product","3":"status-publish","4":"has-post-thumbnail","6":"product_cat-mobelgriffe-und-knopfe-fur-schubladen","7":"product_cat-moderne-kuchengriffe","8":"pa_color-matt-chrom-schrankgriffe-griffe-wandaufhanger-turhaken-mobelbeine","9":"pa_distancia-agujeros-tornillos-tiradores-96-mm-entre-centros-de-tornillos-cajon-puerta-mueble-de","10":"pa_distancia-agujeros-tornillos-tiradores-128-mm-entre-centros-de-tornillos-cajon-puerta-mueble-de","11":"pa_tendencia-moderne-mobel-griffe-knaufe","13":"first","14":"instock","15":"taxable","16":"shipping-taxable","17":"purchasable","18":"product-type-variable","19":"has-default-attributes","20":"wvs-archive-product-wrapper"},"_links":{"self":[{"href":"https:\/\/www.pomoline.com\/de\/wp-json\/wp\/v2\/product\/324110","targetHints":{"allow":["GET"]}}],"collection":[{"href":"https:\/\/www.pomoline.com\/de\/wp-json\/wp\/v2\/product"}],"about":[{"href":"https:\/\/www.pomoline.com\/de\/wp-json\/wp\/v2\/types\/product"}],"wp:featuredmedia":[{"embeddable":true,"href":"https:\/\/www.pomoline.com\/de\/wp-json\/wp\/v2\/media\/408227"}],"wp:attachment":[{"href":"https:\/\/www.pomoline.com\/de\/wp-json\/wp\/v2\/media?parent=324110"}],"wp:term":[{"taxonomy":"product_brand","embeddable":true,"href":"https:\/\/www.pomoline.com\/de\/wp-json\/wp\/v2\/product_brand?post=324110"},{"taxonomy":"product_cat","embeddable":true,"href":"https:\/\/www.pomoline.com\/de\/wp-json\/wp\/v2\/product_cat?post=324110"},{"taxonomy":"product_tag","embeddable":true,"href":"https:\/\/www.pomoline.com\/de\/wp-json\/wp\/v2\/product_tag?post=324110"}],"curies":[{"name":"wp","href":"https:\/\/api.w.org\/{rel}","templated":true}]}}