{"id":324114,"date":"2024-04-27T13:40:01","date_gmt":"2024-04-27T11:40:01","guid":{"rendered":"https:\/\/www.pomoline.com\/web-pruebas\/producto\/tirador-asa-de-mueble-acero-inoxidable-para-puerta-cocina-y-cajon\/"},"modified":"2025-03-13T21:47:24","modified_gmt":"2025-03-13T20:47:24","slug":"mobelknopf-mobelgriff-edelstahl-fur-tur-kuche-und-schublade","status":"publish","type":"product","link":"https:\/\/www.pomoline.com\/de\/produkt\/mobelknopf-mobelgriff-edelstahl-fur-tur-kuche-und-schublade\/","title":{"rendered":"M\u00d6BELKNOPF M\u00d6BELGRIFF EDELSTAHL F\u00dcR T\u00dcR K\u00dcCHE UND SCHUBLADE"},"content":{"rendered":"<p>Haken und K\u00fcchentuchhaken aus Metalll zur Befestigung an der Wand oder T\u00fcr mit den im T\u00fcte enthaltenen Schrauben und D\u00fcbeln. Es ist ein individueller Aufh\u00e4nger, der das Gewicht unterst\u00fctzt und sehr sch\u00f6n ist. Dieses besondere Modell ist MOD 098 Knopf M\u00f6be<\/p>\n","protected":false},"excerpt":{"rendered":"<p>Haken und K\u00fcchentuchhaken aus Metalll zur Befestigung an der Wand oder T\u00fcr mit den im T\u00fcte enthaltenen Schrauben und D\u00fcbeln. Es ist ein individueller Aufh\u00e4nger, der das Gewicht unterst\u00fctzt und sehr sch\u00f6n ist. Dieses besondere Modell ist MOD 098 Knopf M\u00f6be<\/p>\n","protected":false},"featured_media":408223,"template":"","meta":{"_joinchat":[]},"product_brand":[],"product_cat":[5187,957],"product_tag":[],"class_list":{"0":"post-324114","1":"product","2":"type-product","3":"status-publish","4":"has-post-thumbnail","6":"product_cat-mobelgriffe-und-knopfe-fur-schubladen","7":"product_cat-moderne-kuchengriffe","8":"pa_color-rostfreier-stahl-griffe-griffe-wandaufhanger-turhaken-mobelbeine","9":"pa_distancia-agujeros-tornillos-tiradores-128-mm-entre-centros-de-tornillos-cajon-puerta-mueble-de","10":"pa_distancia-agujeros-tornillos-tiradores-160-mm-entre-centros-de-tornillos-cajon-puerta-mueble-de","11":"pa_distancia-agujeros-tornillos-tiradores-192-mm-entre-centros-de-tornillos-cajon-puerta-mueble-de","12":"pa_distancia-agujeros-tornillos-tiradores-256-mm-entre-centros-de-tornillos-cajon-puerta-mueble-de","13":"pa_tendencia-edelstahl-mobelknopfe-griffe","15":"first","16":"instock","17":"taxable","18":"shipping-taxable","19":"purchasable","20":"product-type-variable","21":"has-default-attributes","22":"wvs-archive-product-wrapper"},"_links":{"self":[{"href":"https:\/\/www.pomoline.com\/de\/wp-json\/wp\/v2\/product\/324114","targetHints":{"allow":["GET"]}}],"collection":[{"href":"https:\/\/www.pomoline.com\/de\/wp-json\/wp\/v2\/product"}],"about":[{"href":"https:\/\/www.pomoline.com\/de\/wp-json\/wp\/v2\/types\/product"}],"wp:featuredmedia":[{"embeddable":true,"href":"https:\/\/www.pomoline.com\/de\/wp-json\/wp\/v2\/media\/408223"}],"wp:attachment":[{"href":"https:\/\/www.pomoline.com\/de\/wp-json\/wp\/v2\/media?parent=324114"}],"wp:term":[{"taxonomy":"product_brand","embeddable":true,"href":"https:\/\/www.pomoline.com\/de\/wp-json\/wp\/v2\/product_brand?post=324114"},{"taxonomy":"product_cat","embeddable":true,"href":"https:\/\/www.pomoline.com\/de\/wp-json\/wp\/v2\/product_cat?post=324114"},{"taxonomy":"product_tag","embeddable":true,"href":"https:\/\/www.pomoline.com\/de\/wp-json\/wp\/v2\/product_tag?post=324114"}],"curies":[{"name":"wp","href":"https:\/\/api.w.org\/{rel}","templated":true}]}}