{"id":324154,"date":"2024-04-27T13:41:01","date_gmt":"2024-04-27T11:41:01","guid":{"rendered":"https:\/\/www.pomoline.com\/web-pruebas\/producto\/tirador-asa-metal-para-cajon-armario-34x82mm\/"},"modified":"2025-03-13T21:44:14","modified_gmt":"2025-03-13T20:44:14","slug":"mobelknopf-griff-metall-fur-schublade-schrank-34x82mm","status":"publish","type":"product","link":"https:\/\/www.pomoline.com\/de\/produkt\/mobelknopf-griff-metall-fur-schublade-schrank-34x82mm\/","title":{"rendered":"M\u00d6BELKNOPF GRIFF METALL F\u00dcR SCHUBLADE SCHRANK 34x82MM"},"content":{"rendered":"<p>Griffe f\u00fcr Schrankt\u00fcr und Innenschublade mit allem notwendigen Montagezubeh\u00f6r und mit sehr guter Metalllverarbeitung. Dieses besondere Modell ist MOD 074 ARM Knopf Metalllgriff f\u00fcr Schrankschublade 34x82mm<\/p>\n","protected":false},"excerpt":{"rendered":"<p>Griffe f\u00fcr Schrankt\u00fcr und Innenschublade mit allem notwendigen Montagezubeh\u00f6r und mit sehr guter Metalllverarbeitung. Dieses besondere Modell ist MOD 074 ARM Knopf Metalllgriff f\u00fcr Schrankschublade 34x82mm<\/p>\n","protected":false},"featured_media":408182,"template":"","meta":{"_joinchat":[]},"product_brand":[],"product_cat":[1013],"product_tag":[],"class_list":{"0":"post-324154","1":"product","2":"type-product","3":"status-publish","4":"has-post-thumbnail","6":"product_cat-turgriffe-schiebe-turgriffe-rossette-turknopfe-schlusselloch-drehriegel-klinkenschloss","7":"pa_color-gold-schrank-knauf-griffe-wandaufhanger-turhaken-mobel-beine","8":"pa_color-matt-chrom-schrankgriffe-griffe-wandaufhanger-turhaken-mobelbeine","9":"pa_tendencia-kleiderschrank-schrank-griffe","11":"first","12":"instock","13":"taxable","14":"shipping-taxable","15":"purchasable","16":"product-type-variable","17":"has-default-attributes","18":"wvs-archive-product-wrapper"},"_links":{"self":[{"href":"https:\/\/www.pomoline.com\/de\/wp-json\/wp\/v2\/product\/324154","targetHints":{"allow":["GET"]}}],"collection":[{"href":"https:\/\/www.pomoline.com\/de\/wp-json\/wp\/v2\/product"}],"about":[{"href":"https:\/\/www.pomoline.com\/de\/wp-json\/wp\/v2\/types\/product"}],"wp:featuredmedia":[{"embeddable":true,"href":"https:\/\/www.pomoline.com\/de\/wp-json\/wp\/v2\/media\/408182"}],"wp:attachment":[{"href":"https:\/\/www.pomoline.com\/de\/wp-json\/wp\/v2\/media?parent=324154"}],"wp:term":[{"taxonomy":"product_brand","embeddable":true,"href":"https:\/\/www.pomoline.com\/de\/wp-json\/wp\/v2\/product_brand?post=324154"},{"taxonomy":"product_cat","embeddable":true,"href":"https:\/\/www.pomoline.com\/de\/wp-json\/wp\/v2\/product_cat?post=324154"},{"taxonomy":"product_tag","embeddable":true,"href":"https:\/\/www.pomoline.com\/de\/wp-json\/wp\/v2\/product_tag?post=324154"}],"curies":[{"name":"wp","href":"https:\/\/api.w.org\/{rel}","templated":true}]}}