{"id":324158,"date":"2024-04-27T13:41:06","date_gmt":"2024-04-27T11:41:06","guid":{"rendered":"https:\/\/www.pomoline.com\/web-pruebas\/producto\/tirador-asa-metal-cromo-mate-cajon-armario-34x82mm\/"},"modified":"2025-03-13T21:43:56","modified_gmt":"2025-03-13T20:43:56","slug":"mobelknopf-griff-metall-chrom-matt-schublade-schrank-34x82mm","status":"publish","type":"product","link":"https:\/\/www.pomoline.com\/de\/produkt\/mobelknopf-griff-metall-chrom-matt-schublade-schrank-34x82mm\/","title":{"rendered":"M\u00d6BELKNOPF GRIFF METALL CHROM MATT SCHUBLADE SCHRANK 34x82MM"},"content":{"rendered":"<p>Wir bieten Ihnen Metalllgriffe f\u00fcr T\u00fcren und K\u00fcchenschr\u00e4nke mit matten Chrom, Nickel und Stahloberfl\u00e4chen. Die Designs sind exklusiv und sehr aktuell, ideal f\u00fcr die Montage in Schubladen. Dieses besondere Modell ist MOD 074 Knopf Griff Metalll Chrom matt<\/p>\n","protected":false},"excerpt":{"rendered":"<p>Wir bieten Ihnen Metalllgriffe f\u00fcr T\u00fcren und K\u00fcchenschr\u00e4nke mit matten Chrom, Nickel und Stahloberfl\u00e4chen. Die Designs sind exklusiv und sehr aktuell, ideal f\u00fcr die Montage in Schubladen. Dieses besondere Modell ist MOD 074 Knopf Griff Metalll Chrom matt<\/p>\n","protected":false},"featured_media":408182,"template":"","meta":{"_joinchat":[]},"product_brand":[],"product_cat":[5187,957],"product_tag":[],"class_list":{"0":"post-324158","1":"product","2":"type-product","3":"status-publish","4":"has-post-thumbnail","6":"product_cat-mobelgriffe-und-knopfe-fur-schubladen","7":"product_cat-moderne-kuchengriffe","8":"pa_color-matt-chrom-schrankgriffe-griffe-wandaufhanger-turhaken-mobelbeine","9":"pa_tendencia-kleiderschrank-schrank-griffe","11":"first","12":"instock","13":"taxable","14":"shipping-taxable","15":"purchasable","16":"product-type-variable","17":"has-default-attributes","18":"wvs-archive-product-wrapper"},"_links":{"self":[{"href":"https:\/\/www.pomoline.com\/de\/wp-json\/wp\/v2\/product\/324158","targetHints":{"allow":["GET"]}}],"collection":[{"href":"https:\/\/www.pomoline.com\/de\/wp-json\/wp\/v2\/product"}],"about":[{"href":"https:\/\/www.pomoline.com\/de\/wp-json\/wp\/v2\/types\/product"}],"wp:featuredmedia":[{"embeddable":true,"href":"https:\/\/www.pomoline.com\/de\/wp-json\/wp\/v2\/media\/408182"}],"wp:attachment":[{"href":"https:\/\/www.pomoline.com\/de\/wp-json\/wp\/v2\/media?parent=324158"}],"wp:term":[{"taxonomy":"product_brand","embeddable":true,"href":"https:\/\/www.pomoline.com\/de\/wp-json\/wp\/v2\/product_brand?post=324158"},{"taxonomy":"product_cat","embeddable":true,"href":"https:\/\/www.pomoline.com\/de\/wp-json\/wp\/v2\/product_cat?post=324158"},{"taxonomy":"product_tag","embeddable":true,"href":"https:\/\/www.pomoline.com\/de\/wp-json\/wp\/v2\/product_tag?post=324158"}],"curies":[{"name":"wp","href":"https:\/\/api.w.org\/{rel}","templated":true}]}}