{"id":324190,"date":"2024-04-27T13:42:03","date_gmt":"2024-04-27T11:42:03","guid":{"rendered":"https:\/\/www.pomoline.com\/web-pruebas\/producto\/tirador-asa-laton-cepillado-herrajes-mueble-cocina-128-96mm\/"},"modified":"2025-03-13T21:41:21","modified_gmt":"2025-03-13T20:41:21","slug":"mobelknopf-griff-messing-geburstet-beschlage-mobel-kuche-128-96mm","status":"publish","type":"product","link":"https:\/\/www.pomoline.com\/de\/produkt\/mobelknopf-griff-messing-geburstet-beschlage-mobel-kuche-128-96mm\/","title":{"rendered":"M\u00d6BELKNOPF GRIFF MESSING GEB\u00dcRSTET | BESCHL\u00c4GE M\u00d6BEL K\u00dcCHE 128-96MM"},"content":{"rendered":"<p>M\u00f6belgriff aus Metall mit zwei verf\u00fcgbaren Gr\u00f6\u00dfen von 96 mm oder 128 mm zwischen den Schrauben, mit verschiedenen Oberfl\u00e4chen aus geb\u00fcrstetem Messing oder Antikmessing, je nachdem, welchen Look Sie Ihren M\u00f6beln verleihen m\u00f6chten. Ideal f\u00fcr die K\u00fcche, sie<\/p>\n","protected":false},"excerpt":{"rendered":"<p>M\u00f6belgriff aus Metall mit zwei verf\u00fcgbaren Gr\u00f6\u00dfen von 96 mm oder 128 mm zwischen den Schrauben, mit verschiedenen Oberfl\u00e4chen aus geb\u00fcrstetem Messing oder Antikmessing, je nachdem, welchen Look Sie Ihren M\u00f6beln verleihen m\u00f6chten. Ideal f\u00fcr die K\u00fcche, sie<\/p>\n","protected":false},"featured_media":408150,"template":"","meta":{"_joinchat":[]},"product_brand":[],"product_cat":[5187,965],"product_tag":[],"class_list":{"0":"post-324190","1":"product","2":"type-product","3":"status-publish","4":"has-post-thumbnail","6":"product_cat-mobelgriffe-und-knopfe-fur-schubladen","7":"product_cat-mobelknopfe-griffe-schublade-turgriffe-klassische-rustikale-design","8":"pa_color-geburstetes-messing-schrankknopfe-griffe-wandhaken-turhaken-mobelbeine","9":"pa_color-alte-messing-schrankknopfe-griffe-wandaufhanger-turhaken-mobelbeine","10":"pa_distancia-agujeros-tornillos-tiradores-96-mm-entre-centros-de-tornillos-cajon-puerta-mueble-de","11":"pa_distancia-agujeros-tornillos-tiradores-128-mm-entre-centros-de-tornillos-cajon-puerta-mueble-de","12":"pa_tendencia-art-deco-mobelgriffe","14":"first","15":"instock","16":"taxable","17":"shipping-taxable","18":"purchasable","19":"product-type-variable","20":"has-default-attributes","21":"wvs-archive-product-wrapper"},"_links":{"self":[{"href":"https:\/\/www.pomoline.com\/de\/wp-json\/wp\/v2\/product\/324190","targetHints":{"allow":["GET"]}}],"collection":[{"href":"https:\/\/www.pomoline.com\/de\/wp-json\/wp\/v2\/product"}],"about":[{"href":"https:\/\/www.pomoline.com\/de\/wp-json\/wp\/v2\/types\/product"}],"wp:featuredmedia":[{"embeddable":true,"href":"https:\/\/www.pomoline.com\/de\/wp-json\/wp\/v2\/media\/408150"}],"wp:attachment":[{"href":"https:\/\/www.pomoline.com\/de\/wp-json\/wp\/v2\/media?parent=324190"}],"wp:term":[{"taxonomy":"product_brand","embeddable":true,"href":"https:\/\/www.pomoline.com\/de\/wp-json\/wp\/v2\/product_brand?post=324190"},{"taxonomy":"product_cat","embeddable":true,"href":"https:\/\/www.pomoline.com\/de\/wp-json\/wp\/v2\/product_cat?post=324190"},{"taxonomy":"product_tag","embeddable":true,"href":"https:\/\/www.pomoline.com\/de\/wp-json\/wp\/v2\/product_tag?post=324190"}],"curies":[{"name":"wp","href":"https:\/\/api.w.org\/{rel}","templated":true}]}}