{"id":324202,"date":"2024-04-27T13:42:26","date_gmt":"2024-04-27T11:42:26","guid":{"rendered":"https:\/\/www.pomoline.com\/web-pruebas\/producto\/tirador-asa-cromo-mate-herrajes-mueble-cocina-126x17mm-96mm\/"},"modified":"2025-03-13T21:40:37","modified_gmt":"2025-03-13T20:40:37","slug":"mobelknopf-griff-chrom-matt-beschlage-mobel-kuche-126x17mm-96mm","status":"publish","type":"product","link":"https:\/\/www.pomoline.com\/de\/produkt\/mobelknopf-griff-chrom-matt-beschlage-mobel-kuche-126x17mm-96mm\/","title":{"rendered":"M\u00d6BELKNOPF GRIFF CHROM MATT | BESCHL\u00c4GE M\u00d6BEL K\u00dcCHE 126x17MM | 96MM"},"content":{"rendered":"<p>Wir bieten Ihnen Metalllgriffe f\u00fcr T\u00fcren und K\u00fcchenschr\u00e4nke mit matten Chrom, Nickel und Stahloberfl\u00e4chen. Die Designs sind exklusiv und sehr aktuell, ideal f\u00fcr die Montage in Schubladen. Dieses besondere Modell ist MOD 060 Knopf Griff mattchrom | Beschla<\/p>\n","protected":false},"excerpt":{"rendered":"<p>Wir bieten Ihnen Metalllgriffe f\u00fcr T\u00fcren und K\u00fcchenschr\u00e4nke mit matten Chrom, Nickel und Stahloberfl\u00e4chen. Die Designs sind exklusiv und sehr aktuell, ideal f\u00fcr die Montage in Schubladen. Dieses besondere Modell ist MOD 060 Knopf Griff mattchrom | Beschla<\/p>\n","protected":false},"featured_media":408138,"template":"","meta":{"_joinchat":[]},"product_brand":[],"product_cat":[5187,957],"product_tag":[],"class_list":{"0":"post-324202","1":"product","2":"type-product","3":"status-publish","4":"has-post-thumbnail","6":"product_cat-mobelgriffe-und-knopfe-fur-schubladen","7":"product_cat-moderne-kuchengriffe","8":"pa_color-matt-chrom-schrankgriffe-griffe-wandaufhanger-turhaken-mobelbeine","9":"pa_distancia-agujeros-tornillos-tiradores-96-mm-entre-centros-de-tornillos-cajon-puerta-mueble-de","10":"pa_distancia-agujeros-tornillos-tiradores-128-mm-entre-centros-de-tornillos-cajon-puerta-mueble-de","11":"pa_tendencia-moderne-mobel-griffe-knaufe","13":"first","14":"instock","15":"taxable","16":"shipping-taxable","17":"purchasable","18":"product-type-variable","19":"has-default-attributes","20":"wvs-archive-product-wrapper"},"_links":{"self":[{"href":"https:\/\/www.pomoline.com\/de\/wp-json\/wp\/v2\/product\/324202","targetHints":{"allow":["GET"]}}],"collection":[{"href":"https:\/\/www.pomoline.com\/de\/wp-json\/wp\/v2\/product"}],"about":[{"href":"https:\/\/www.pomoline.com\/de\/wp-json\/wp\/v2\/types\/product"}],"wp:featuredmedia":[{"embeddable":true,"href":"https:\/\/www.pomoline.com\/de\/wp-json\/wp\/v2\/media\/408138"}],"wp:attachment":[{"href":"https:\/\/www.pomoline.com\/de\/wp-json\/wp\/v2\/media?parent=324202"}],"wp:term":[{"taxonomy":"product_brand","embeddable":true,"href":"https:\/\/www.pomoline.com\/de\/wp-json\/wp\/v2\/product_brand?post=324202"},{"taxonomy":"product_cat","embeddable":true,"href":"https:\/\/www.pomoline.com\/de\/wp-json\/wp\/v2\/product_cat?post=324202"},{"taxonomy":"product_tag","embeddable":true,"href":"https:\/\/www.pomoline.com\/de\/wp-json\/wp\/v2\/product_tag?post=324202"}],"curies":[{"name":"wp","href":"https:\/\/api.w.org\/{rel}","templated":true}]}}