{"id":324238,"date":"2024-04-27T13:43:18","date_gmt":"2024-04-27T11:43:18","guid":{"rendered":"https:\/\/www.pomoline.com\/web-pruebas\/producto\/tirador-pomo-de-mueble-porcelana-blanca-para-cajon-o-puerta-30mm\/"},"modified":"2025-03-13T21:37:55","modified_gmt":"2025-03-13T20:37:55","slug":"mobelknopf-knopf-von-mobel-porzellan-weiss-fur-schublade-oder-tur-30mm","status":"publish","type":"product","link":"https:\/\/www.pomoline.com\/de\/produkt\/mobelknopf-knopf-von-mobel-porzellan-weiss-fur-schublade-oder-tur-30mm\/","title":{"rendered":"M\u00d6BELKNOPF KNOPF VON M\u00d6BEL PORZELLAN WEISS F\u00dcR SCHUBLADE ODER T\u00dcR 30MM"},"content":{"rendered":"<p>Glatte Pilz- und Kugelkn\u00f6pfe aus wei\u00dfem Keramikporzellan f\u00fcr moderne und klassische M\u00f6belschubladen. Bei diesem speziellen Modell handelt es sich um den M\u00f6belknopfgriff MOD 047 aus wei\u00dfem Porzellan f\u00fcr Schubladen oder T\u00fcren mit einer St\u00e4rke von 30 mm<\/p>\n","protected":false},"excerpt":{"rendered":"<p>Glatte Pilz- und Kugelkn\u00f6pfe aus wei\u00dfem Keramikporzellan f\u00fcr moderne und klassische M\u00f6belschubladen. Bei diesem speziellen Modell handelt es sich um den M\u00f6belknopfgriff MOD 047 aus wei\u00dfem Porzellan f\u00fcr Schubladen oder T\u00fcren mit einer St\u00e4rke von 30 mm<\/p>\n","protected":false},"featured_media":408102,"template":"","meta":{"_joinchat":[]},"product_brand":[],"product_cat":[985,5187],"product_tag":[],"class_list":{"0":"post-324238","1":"product","2":"type-product","3":"status-publish","4":"has-post-thumbnail","6":"product_cat-porzellanknaufe-mobelknaufen","7":"product_cat-mobelgriffe-und-knopfe-fur-schubladen","9":"first","10":"outofstock","11":"taxable","12":"shipping-taxable","13":"purchasable","14":"product-type-variable","15":"wvs-archive-product-wrapper"},"_links":{"self":[{"href":"https:\/\/www.pomoline.com\/de\/wp-json\/wp\/v2\/product\/324238","targetHints":{"allow":["GET"]}}],"collection":[{"href":"https:\/\/www.pomoline.com\/de\/wp-json\/wp\/v2\/product"}],"about":[{"href":"https:\/\/www.pomoline.com\/de\/wp-json\/wp\/v2\/types\/product"}],"wp:featuredmedia":[{"embeddable":true,"href":"https:\/\/www.pomoline.com\/de\/wp-json\/wp\/v2\/media\/408102"}],"wp:attachment":[{"href":"https:\/\/www.pomoline.com\/de\/wp-json\/wp\/v2\/media?parent=324238"}],"wp:term":[{"taxonomy":"product_brand","embeddable":true,"href":"https:\/\/www.pomoline.com\/de\/wp-json\/wp\/v2\/product_brand?post=324238"},{"taxonomy":"product_cat","embeddable":true,"href":"https:\/\/www.pomoline.com\/de\/wp-json\/wp\/v2\/product_cat?post=324238"},{"taxonomy":"product_tag","embeddable":true,"href":"https:\/\/www.pomoline.com\/de\/wp-json\/wp\/v2\/product_tag?post=324238"}],"curies":[{"name":"wp","href":"https:\/\/api.w.org\/{rel}","templated":true}]}}