{"id":324246,"date":"2024-04-27T13:43:35","date_gmt":"2024-04-27T11:43:35","guid":{"rendered":"https:\/\/www.pomoline.com\/web-pruebas\/producto\/tirador-pomo-de-mueble-porcelana-blanca-para-cajon-o-puerta-31mm\/"},"modified":"2025-03-13T21:37:20","modified_gmt":"2025-03-13T20:37:20","slug":"mobelknopf-knopf-von-mobel-porzellan-weiss-fur-schublade-oder-tur-31mm","status":"publish","type":"product","link":"https:\/\/www.pomoline.com\/de\/produkt\/mobelknopf-knopf-von-mobel-porzellan-weiss-fur-schublade-oder-tur-31mm\/","title":{"rendered":"M\u00d6BELKNOPF KNOPF VON M\u00d6BEL PORZELLAN WEISS F\u00dcR SCHUBLADE ODER T\u00dcR 31MM"},"content":{"rendered":"<p>Glatte Pilz- und Kugelkn\u00f6pfe aus wei\u00dfem Keramikporzellan f\u00fcr moderne und klassische M\u00f6belschubladen. Bei diesem speziellen Modell handelt es sich um den M\u00f6belknopfgriff MOD 045R aus wei\u00dfem Porzellan f\u00fcr Schubladen oder T\u00fcren mit einer St\u00e4rke von 31 mm<\/p>\n","protected":false},"excerpt":{"rendered":"<p>Glatte Pilz- und Kugelkn\u00f6pfe aus wei\u00dfem Keramikporzellan f\u00fcr moderne und klassische M\u00f6belschubladen. Bei diesem speziellen Modell handelt es sich um den M\u00f6belknopfgriff MOD 045R aus wei\u00dfem Porzellan f\u00fcr Schubladen oder T\u00fcren mit einer St\u00e4rke von 31 mm<\/p>\n","protected":false},"featured_media":408094,"template":"","meta":{"_joinchat":[]},"product_brand":[],"product_cat":[985,5187],"product_tag":[],"class_list":{"0":"post-324246","1":"product","2":"type-product","3":"status-publish","4":"has-post-thumbnail","6":"product_cat-porzellanknaufe-mobelknaufen","7":"product_cat-mobelgriffe-und-knopfe-fur-schubladen","8":"pa_color-weis-schrank-griffe-griffe-wandhaken-turhaken-mobelbeine","9":"pa_color-beige-schrank-knauf-griffe-wandaufhanger-tur-haken-mobel-beine","10":"pa_tendencia-porzellanknopfe-fur-mobel","12":"first","13":"instock","14":"taxable","15":"shipping-taxable","16":"purchasable","17":"product-type-variable","18":"has-default-attributes","19":"wvs-archive-product-wrapper"},"_links":{"self":[{"href":"https:\/\/www.pomoline.com\/de\/wp-json\/wp\/v2\/product\/324246","targetHints":{"allow":["GET"]}}],"collection":[{"href":"https:\/\/www.pomoline.com\/de\/wp-json\/wp\/v2\/product"}],"about":[{"href":"https:\/\/www.pomoline.com\/de\/wp-json\/wp\/v2\/types\/product"}],"wp:featuredmedia":[{"embeddable":true,"href":"https:\/\/www.pomoline.com\/de\/wp-json\/wp\/v2\/media\/408094"}],"wp:attachment":[{"href":"https:\/\/www.pomoline.com\/de\/wp-json\/wp\/v2\/media?parent=324246"}],"wp:term":[{"taxonomy":"product_brand","embeddable":true,"href":"https:\/\/www.pomoline.com\/de\/wp-json\/wp\/v2\/product_brand?post=324246"},{"taxonomy":"product_cat","embeddable":true,"href":"https:\/\/www.pomoline.com\/de\/wp-json\/wp\/v2\/product_cat?post=324246"},{"taxonomy":"product_tag","embeddable":true,"href":"https:\/\/www.pomoline.com\/de\/wp-json\/wp\/v2\/product_tag?post=324246"}],"curies":[{"name":"wp","href":"https:\/\/api.w.org\/{rel}","templated":true}]}}