{"id":324258,"date":"2024-04-27T13:43:53","date_gmt":"2024-04-27T11:43:53","guid":{"rendered":"https:\/\/www.pomoline.com\/web-pruebas\/producto\/tirador-pomo-de-mueble-porcelana-colores-para-cajon-o-puerta\/"},"modified":"2025-03-13T21:36:30","modified_gmt":"2025-03-13T20:36:30","slug":"mobelknopf-knopf-von-mobel-porzellan-farben-fur-schublade-oder-tur","status":"publish","type":"product","link":"https:\/\/www.pomoline.com\/de\/produkt\/mobelknopf-knopf-von-mobel-porzellan-farben-fur-schublade-oder-tur\/","title":{"rendered":"M\u00d6BELKNOPF KNOPF VON M\u00d6BEL PORZELLAN FARBEN F\u00dcR SCHUBLADE ODER T\u00dcR"},"content":{"rendered":"<p>Toller Keramik-M\u00f6belknopf in verschiedenen Farben mit abgerundeter Form ideal f\u00fcr einen Badezimmer- oder Esszimmerschrank, auch wenn Sie Ihre K\u00fcche personalisieren m\u00f6chten, hochwertig und in Europa hergestellt, verleiht er Ihren M\u00f6beln eine besondere Note<\/p>\n","protected":false},"excerpt":{"rendered":"<p>Toller Keramik-M\u00f6belknopf in verschiedenen Farben mit abgerundeter Form ideal f\u00fcr einen Badezimmer- oder Esszimmerschrank, auch wenn Sie Ihre K\u00fcche personalisieren m\u00f6chten, hochwertig und in Europa hergestellt, verleiht er Ihren M\u00f6beln eine besondere Note<\/p>\n","protected":false},"featured_media":408082,"template":"","meta":{"_joinchat":[]},"product_brand":[],"product_cat":[5358,985,5187,5355],"product_tag":[],"class_list":{"0":"post-324258","1":"product","2":"type-product","3":"status-publish","4":"has-post-thumbnail","6":"product_cat-ofertas-de","7":"product_cat-porzellanknaufe-mobelknaufen","8":"product_cat-mobelgriffe-und-knopfe-fur-schubladen","9":"product_cat-ofertas","10":"pa_color-grun-schrank-griffe-griffe-wandaufhanger-turhaken-mobel-beine","11":"pa_color-dunkelblau-schrank-knauf-griffe-wandaufhanger-turhaken-mobel-beine","12":"pa_color-gelb-schrank-griffe-griffe-wandaufhanger-turhaken-mobel-beine","13":"pa_color-blau-schrank-knauf-griffe-wandaufhanger-turhaken-mobel-beine","14":"pa_color-grau-schrank-knauf-griffe-wandaufhanger-turhaken-mobel-beine","15":"pa_color-hellblau-schrankgriffe-griffe-wandaufhanger-turhaken-mobelbeine","16":"pa_color-lila-schrankknopfe-griffe-wandhaken-turhaken-mobelbeine","17":"pa_color-lila-schrank-knauf-griffe-wandaufhanger-turhaken-mobel-beine","18":"pa_color-pistazie-grun-schrankknopfe-griffe-wandhaken-turhaken-mobelbeine","19":"pa_tendencia-porzellanknopfe-fur-mobel","21":"first","22":"instock","23":"sale","24":"taxable","25":"shipping-taxable","26":"purchasable","27":"product-type-variable","28":"has-default-attributes","29":"wvs-archive-product-wrapper"},"_links":{"self":[{"href":"https:\/\/www.pomoline.com\/de\/wp-json\/wp\/v2\/product\/324258","targetHints":{"allow":["GET"]}}],"collection":[{"href":"https:\/\/www.pomoline.com\/de\/wp-json\/wp\/v2\/product"}],"about":[{"href":"https:\/\/www.pomoline.com\/de\/wp-json\/wp\/v2\/types\/product"}],"wp:featuredmedia":[{"embeddable":true,"href":"https:\/\/www.pomoline.com\/de\/wp-json\/wp\/v2\/media\/408082"}],"wp:attachment":[{"href":"https:\/\/www.pomoline.com\/de\/wp-json\/wp\/v2\/media?parent=324258"}],"wp:term":[{"taxonomy":"product_brand","embeddable":true,"href":"https:\/\/www.pomoline.com\/de\/wp-json\/wp\/v2\/product_brand?post=324258"},{"taxonomy":"product_cat","embeddable":true,"href":"https:\/\/www.pomoline.com\/de\/wp-json\/wp\/v2\/product_cat?post=324258"},{"taxonomy":"product_tag","embeddable":true,"href":"https:\/\/www.pomoline.com\/de\/wp-json\/wp\/v2\/product_tag?post=324258"}],"curies":[{"name":"wp","href":"https:\/\/api.w.org\/{rel}","templated":true}]}}