{"id":324262,"date":"2024-04-27T13:44:00","date_gmt":"2024-04-27T11:44:00","guid":{"rendered":"https:\/\/www.pomoline.com\/web-pruebas\/producto\/tirador-pomo-mueble-porcelana-pintada-a-mano-cuadros-para-cajon-puerta\/"},"modified":"2025-03-13T21:36:12","modified_gmt":"2025-03-13T20:36:12","slug":"mobelknopf-knopf-mobel-porzellan-handbemalte-kariert-fur-schublade-tur","status":"publish","type":"product","link":"https:\/\/www.pomoline.com\/de\/produkt\/mobelknopf-knopf-mobel-porzellan-handbemalte-kariert-fur-schublade-tur\/","title":{"rendered":"M\u00d6BELKNOPF KNOPF M\u00d6BEL PORZELLAN HANDBEMALTE KARIERT F\u00dcR SCHUBLADE T\u00dcR"},"content":{"rendered":"<p>Original karierter lackierter Keramik-M\u00f6belknopf mit abgerundeter Form, ideal f\u00fcr jedes M\u00f6belst\u00fcck, ideal f\u00fcr K\u00fcche oder Bad, hochwertig und in Europa hergestellt, verleiht Ihren M\u00f6beln eine besondere Note, inklusive 2,5 cm langer Schraube zum Anbringen.<\/p>\n","protected":false},"excerpt":{"rendered":"<p>Original karierter lackierter Keramik-M\u00f6belknopf mit abgerundeter Form, ideal f\u00fcr jedes M\u00f6belst\u00fcck, ideal f\u00fcr K\u00fcche oder Bad, hochwertig und in Europa hergestellt, verleiht Ihren M\u00f6beln eine besondere Note, inklusive 2,5 cm langer Schraube zum Anbringen.<\/p>\n","protected":false},"featured_media":408078,"template":"","meta":{"_joinchat":[]},"product_brand":[],"product_cat":[985,5187],"product_tag":[],"class_list":{"0":"post-324262","1":"product","2":"type-product","3":"status-publish","4":"has-post-thumbnail","6":"product_cat-porzellanknaufe-mobelknaufen","7":"product_cat-mobelgriffe-und-knopfe-fur-schubladen","8":"pa_color-grun-schrank-griffe-griffe-wandaufhanger-turhaken-mobel-beine","9":"pa_color-blau-schrank-knauf-griffe-wandaufhanger-turhaken-mobel-beine","10":"pa_tendencia-porzellanknopfe-fur-mobel","12":"first","13":"instock","14":"taxable","15":"shipping-taxable","16":"purchasable","17":"product-type-variable","18":"has-default-attributes","19":"wvs-archive-product-wrapper"},"_links":{"self":[{"href":"https:\/\/www.pomoline.com\/de\/wp-json\/wp\/v2\/product\/324262","targetHints":{"allow":["GET"]}}],"collection":[{"href":"https:\/\/www.pomoline.com\/de\/wp-json\/wp\/v2\/product"}],"about":[{"href":"https:\/\/www.pomoline.com\/de\/wp-json\/wp\/v2\/types\/product"}],"wp:featuredmedia":[{"embeddable":true,"href":"https:\/\/www.pomoline.com\/de\/wp-json\/wp\/v2\/media\/408078"}],"wp:attachment":[{"href":"https:\/\/www.pomoline.com\/de\/wp-json\/wp\/v2\/media?parent=324262"}],"wp:term":[{"taxonomy":"product_brand","embeddable":true,"href":"https:\/\/www.pomoline.com\/de\/wp-json\/wp\/v2\/product_brand?post=324262"},{"taxonomy":"product_cat","embeddable":true,"href":"https:\/\/www.pomoline.com\/de\/wp-json\/wp\/v2\/product_cat?post=324262"},{"taxonomy":"product_tag","embeddable":true,"href":"https:\/\/www.pomoline.com\/de\/wp-json\/wp\/v2\/product_tag?post=324262"}],"curies":[{"name":"wp","href":"https:\/\/api.w.org\/{rel}","templated":true}]}}