{"id":324286,"date":"2024-04-27T13:44:39","date_gmt":"2024-04-27T11:44:39","guid":{"rendered":"https:\/\/www.pomoline.com\/web-pruebas\/producto\/pomo-metal-pintura-negra-mate-cajon-mueble-clasico\/"},"modified":"2025-03-13T21:34:27","modified_gmt":"2025-03-13T20:34:27","slug":"knopf-metall-farbe-schwarz-matt-schublade-mobel-klassisch","status":"publish","type":"product","link":"https:\/\/www.pomoline.com\/de\/produkt\/knopf-metall-farbe-schwarz-matt-schublade-mobel-klassisch\/","title":{"rendered":"KNOPF METALL FARBE SCHWARZ MATT SCHUBLADE M\u00d6BEL KLASSISCH"},"content":{"rendered":"<p>Moderner M\u00f6belknauf aus mattschwarz oder wei\u00df lackiertem Metall, abgerundet, ideal f\u00fcr jedes M\u00f6belst\u00fcck, hochwertig und in Europa hergestellt, bietet ein modernes Aussehen und l\u00e4sst sich mit den anderen Elementen des Raums kombinieren, inklusive 2,5 cm la<\/p>\n","protected":false},"excerpt":{"rendered":"<p>Moderner M\u00f6belknauf aus mattschwarz oder wei\u00df lackiertem Metall, abgerundet, ideal f\u00fcr jedes M\u00f6belst\u00fcck, hochwertig und in Europa hergestellt, bietet ein modernes Aussehen und l\u00e4sst sich mit den anderen Elementen des Raums kombinieren, inklusive 2,5 cm la<\/p>\n","protected":false},"featured_media":408054,"template":"","meta":{"_joinchat":[]},"product_brand":[],"product_cat":[961,5187,3482],"product_tag":[],"class_list":{"0":"post-324286","1":"product","2":"type-product","3":"status-publish","4":"has-post-thumbnail","6":"product_cat-griffe-fur-mobel","7":"product_cat-mobelgriffe-und-knopfe-fur-schubladen","8":"product_cat-mobelknopfe-griffe-industriemobel-chic-verschlissen-naturholz","9":"pa_color-schwarz-schrank-griffe-griffe-wandaufhanger-turhaken-mobelbeine","10":"pa_color-weis-schrank-griffe-griffe-wandhaken-turhaken-mobelbeine","11":"pa_tendencia-schrank-knopfe-moderne-schublade","13":"first","14":"instock","15":"taxable","16":"shipping-taxable","17":"purchasable","18":"product-type-variable","19":"has-default-attributes","20":"wvs-archive-product-wrapper"},"_links":{"self":[{"href":"https:\/\/www.pomoline.com\/de\/wp-json\/wp\/v2\/product\/324286","targetHints":{"allow":["GET"]}}],"collection":[{"href":"https:\/\/www.pomoline.com\/de\/wp-json\/wp\/v2\/product"}],"about":[{"href":"https:\/\/www.pomoline.com\/de\/wp-json\/wp\/v2\/types\/product"}],"wp:featuredmedia":[{"embeddable":true,"href":"https:\/\/www.pomoline.com\/de\/wp-json\/wp\/v2\/media\/408054"}],"wp:attachment":[{"href":"https:\/\/www.pomoline.com\/de\/wp-json\/wp\/v2\/media?parent=324286"}],"wp:term":[{"taxonomy":"product_brand","embeddable":true,"href":"https:\/\/www.pomoline.com\/de\/wp-json\/wp\/v2\/product_brand?post=324286"},{"taxonomy":"product_cat","embeddable":true,"href":"https:\/\/www.pomoline.com\/de\/wp-json\/wp\/v2\/product_cat?post=324286"},{"taxonomy":"product_tag","embeddable":true,"href":"https:\/\/www.pomoline.com\/de\/wp-json\/wp\/v2\/product_tag?post=324286"}],"curies":[{"name":"wp","href":"https:\/\/api.w.org\/{rel}","templated":true}]}}