{"id":324290,"date":"2024-04-27T13:44:44","date_gmt":"2024-04-27T11:44:44","guid":{"rendered":"https:\/\/www.pomoline.com\/web-pruebas\/producto\/pomo-metal-anodizado-aluminio-mate-cajon-mueble-moderno\/"},"modified":"2025-03-13T21:34:10","modified_gmt":"2025-03-13T20:34:10","slug":"knopf-metall-aluminium-matt-matt-schublade-mobel-modern","status":"publish","type":"product","link":"https:\/\/www.pomoline.com\/de\/produkt\/knopf-metall-aluminium-matt-matt-schublade-mobel-modern\/","title":{"rendered":"KNOPF METALL ALUMINIUM MATT MATT SCHUBLADE M\u00d6BEL MODERN"},"content":{"rendered":"<p>Kn\u00f6pfe und Griffe f\u00fcr Schublade und M\u00f6belt\u00fcr aus mattem Aluminium. Dieses besondere Modell ist MOD 034 mattierter Aluminiumknopf f\u00fcr moderne Schublade<\/p>\n","protected":false},"excerpt":{"rendered":"<p>Kn\u00f6pfe und Griffe f\u00fcr Schublade und M\u00f6belt\u00fcr aus mattem Aluminium. Dieses besondere Modell ist MOD 034 mattierter Aluminiumknopf f\u00fcr moderne Schublade<\/p>\n","protected":false},"featured_media":408050,"template":"","meta":{"_joinchat":[]},"product_brand":[],"product_cat":[961,5187],"product_tag":[],"class_list":{"0":"post-324290","1":"product","2":"type-product","3":"status-publish","4":"has-post-thumbnail","6":"product_cat-griffe-fur-mobel","7":"product_cat-mobelgriffe-und-knopfe-fur-schubladen","8":"pa_color-geburstetes-nickel-schrank-griffe-griffe-wandaufhanger-turhaken-mobelbeine","9":"pa_color-mate-aluminium-schrank-knauf-griffe-wandaufhanger-turhaken-mobel-beine","10":"pa_tendencia-schrank-knopfe-moderne-schublade","12":"first","13":"instock","14":"taxable","15":"shipping-taxable","16":"purchasable","17":"product-type-variable","18":"has-default-attributes","19":"wvs-archive-product-wrapper"},"_links":{"self":[{"href":"https:\/\/www.pomoline.com\/de\/wp-json\/wp\/v2\/product\/324290","targetHints":{"allow":["GET"]}}],"collection":[{"href":"https:\/\/www.pomoline.com\/de\/wp-json\/wp\/v2\/product"}],"about":[{"href":"https:\/\/www.pomoline.com\/de\/wp-json\/wp\/v2\/types\/product"}],"wp:featuredmedia":[{"embeddable":true,"href":"https:\/\/www.pomoline.com\/de\/wp-json\/wp\/v2\/media\/408050"}],"wp:attachment":[{"href":"https:\/\/www.pomoline.com\/de\/wp-json\/wp\/v2\/media?parent=324290"}],"wp:term":[{"taxonomy":"product_brand","embeddable":true,"href":"https:\/\/www.pomoline.com\/de\/wp-json\/wp\/v2\/product_brand?post=324290"},{"taxonomy":"product_cat","embeddable":true,"href":"https:\/\/www.pomoline.com\/de\/wp-json\/wp\/v2\/product_cat?post=324290"},{"taxonomy":"product_tag","embeddable":true,"href":"https:\/\/www.pomoline.com\/de\/wp-json\/wp\/v2\/product_tag?post=324290"}],"curies":[{"name":"wp","href":"https:\/\/api.w.org\/{rel}","templated":true}]}}