{"id":324314,"date":"2024-04-27T13:45:16","date_gmt":"2024-04-27T11:45:16","guid":{"rendered":"https:\/\/www.pomoline.com\/web-pruebas\/producto\/pomo-metal-pintura-blanca-mate-cajon-mueble-clasico\/"},"modified":"2025-03-13T21:32:27","modified_gmt":"2025-03-13T20:32:27","slug":"knopf-metall-farbe-weiss-matt-schublade-mobel-klassisch","status":"publish","type":"product","link":"https:\/\/www.pomoline.com\/de\/produkt\/knopf-metall-farbe-weiss-matt-schublade-mobel-klassisch\/","title":{"rendered":"KNOPF METALL FARBE WEISS MATT SCHUBLADE M\u00d6BEL KLASSISCH"},"content":{"rendered":"<p>Dieser M\u00f6belknopf aus Metall ist matt lackiert und kann wei\u00df oder schwarz sein. Es ist von gro\u00dfer Haltbarkeit und Qualit\u00e4t und passt aufgrund seiner Einfachheit und Gr\u00f6\u00dfe in jede Umgebung. Die Schrauben, um den M\u00f6belknopf anbringen zu k\u00f6nnen, sind im Lief<\/p>\n","protected":false},"excerpt":{"rendered":"<p>Dieser M\u00f6belknopf aus Metall ist matt lackiert und kann wei\u00df oder schwarz sein. Es ist von gro\u00dfer Haltbarkeit und Qualit\u00e4t und passt aufgrund seiner Einfachheit und Gr\u00f6\u00dfe in jede Umgebung. Die Schrauben, um den M\u00f6belknopf anbringen zu k\u00f6nnen, sind im Lief<\/p>\n","protected":false},"featured_media":408026,"template":"","meta":{"_joinchat":[]},"product_brand":[],"product_cat":[961,5187,3482],"product_tag":[],"class_list":{"0":"post-324314","1":"product","2":"type-product","3":"status-publish","4":"has-post-thumbnail","6":"product_cat-griffe-fur-mobel","7":"product_cat-mobelgriffe-und-knopfe-fur-schubladen","8":"product_cat-mobelknopfe-griffe-industriemobel-chic-verschlissen-naturholz","9":"pa_color-schwarz-schrank-griffe-griffe-wandaufhanger-turhaken-mobelbeine","10":"pa_color-weis-schrank-griffe-griffe-wandhaken-turhaken-mobelbeine","11":"pa_tendencia-schrank-knopfe-moderne-schublade","13":"first","14":"instock","15":"taxable","16":"shipping-taxable","17":"purchasable","18":"product-type-variable","19":"has-default-attributes","20":"wvs-archive-product-wrapper"},"_links":{"self":[{"href":"https:\/\/www.pomoline.com\/de\/wp-json\/wp\/v2\/product\/324314","targetHints":{"allow":["GET"]}}],"collection":[{"href":"https:\/\/www.pomoline.com\/de\/wp-json\/wp\/v2\/product"}],"about":[{"href":"https:\/\/www.pomoline.com\/de\/wp-json\/wp\/v2\/types\/product"}],"wp:featuredmedia":[{"embeddable":true,"href":"https:\/\/www.pomoline.com\/de\/wp-json\/wp\/v2\/media\/408026"}],"wp:attachment":[{"href":"https:\/\/www.pomoline.com\/de\/wp-json\/wp\/v2\/media?parent=324314"}],"wp:term":[{"taxonomy":"product_brand","embeddable":true,"href":"https:\/\/www.pomoline.com\/de\/wp-json\/wp\/v2\/product_brand?post=324314"},{"taxonomy":"product_cat","embeddable":true,"href":"https:\/\/www.pomoline.com\/de\/wp-json\/wp\/v2\/product_cat?post=324314"},{"taxonomy":"product_tag","embeddable":true,"href":"https:\/\/www.pomoline.com\/de\/wp-json\/wp\/v2\/product_tag?post=324314"}],"curies":[{"name":"wp","href":"https:\/\/api.w.org\/{rel}","templated":true}]}}