{"id":324354,"date":"2024-04-27T13:46:21","date_gmt":"2024-04-27T11:46:21","guid":{"rendered":"https:\/\/www.pomoline.com\/web-pruebas\/producto\/tirador-pomo-de-mueble-metal-acabado-niquel-mate-para-cocina-o-bano\/"},"modified":"2025-03-13T21:29:24","modified_gmt":"2025-03-13T20:29:24","slug":"mobelknopf-knopf-von-mobel-metall-finish-nickel-matt-fur-kuche-oder-badezimmer","status":"publish","type":"product","link":"https:\/\/www.pomoline.com\/de\/produkt\/mobelknopf-knopf-von-mobel-metall-finish-nickel-matt-fur-kuche-oder-badezimmer\/","title":{"rendered":"M\u00d6BELKNOPF KNOPF VON M\u00d6BEL METALL FINISH NICKEL MATT F\u00dcR K\u00dcCHE ODER BADEZIMMER"},"content":{"rendered":"<p>Verchromte Metalllkn\u00f6pfe f\u00fcr moderne M\u00f6belschubladen. Wir haben viele Formen und k\u00f6nnen auf Schrankt\u00fcren montiert werden. Dieses besondere Modell ist MOD 021 M\u00f6belknopf Griff aus Metalll, matt Nickel f\u00fcr K\u00fcche oder Bad<\/p>\n","protected":false},"excerpt":{"rendered":"<p>Verchromte Metalllkn\u00f6pfe f\u00fcr moderne M\u00f6belschubladen. Wir haben viele Formen und k\u00f6nnen auf Schrankt\u00fcren montiert werden. Dieses besondere Modell ist MOD 021 M\u00f6belknopf Griff aus Metalll, matt Nickel f\u00fcr K\u00fcche oder Bad<\/p>\n","protected":false},"featured_media":407985,"template":"","meta":{"_joinchat":[]},"product_brand":[],"product_cat":[961,5187],"product_tag":[],"class_list":{"0":"post-324354","1":"product","2":"type-product","3":"status-publish","4":"has-post-thumbnail","6":"product_cat-griffe-fur-mobel","7":"product_cat-mobelgriffe-und-knopfe-fur-schubladen","8":"pa_color-matt-chrom-schrankgriffe-griffe-wandaufhanger-turhaken-mobelbeine","9":"pa_color-nickel-matt-schrank-griffe-griffe-wandaufhanger-turhaken-mobel-beine","10":"pa_tendencia-schrank-knopfe-moderne-schublade","12":"first","13":"instock","14":"taxable","15":"shipping-taxable","16":"purchasable","17":"product-type-variable","18":"has-default-attributes","19":"wvs-archive-product-wrapper"},"_links":{"self":[{"href":"https:\/\/www.pomoline.com\/de\/wp-json\/wp\/v2\/product\/324354","targetHints":{"allow":["GET"]}}],"collection":[{"href":"https:\/\/www.pomoline.com\/de\/wp-json\/wp\/v2\/product"}],"about":[{"href":"https:\/\/www.pomoline.com\/de\/wp-json\/wp\/v2\/types\/product"}],"wp:featuredmedia":[{"embeddable":true,"href":"https:\/\/www.pomoline.com\/de\/wp-json\/wp\/v2\/media\/407985"}],"wp:attachment":[{"href":"https:\/\/www.pomoline.com\/de\/wp-json\/wp\/v2\/media?parent=324354"}],"wp:term":[{"taxonomy":"product_brand","embeddable":true,"href":"https:\/\/www.pomoline.com\/de\/wp-json\/wp\/v2\/product_brand?post=324354"},{"taxonomy":"product_cat","embeddable":true,"href":"https:\/\/www.pomoline.com\/de\/wp-json\/wp\/v2\/product_cat?post=324354"},{"taxonomy":"product_tag","embeddable":true,"href":"https:\/\/www.pomoline.com\/de\/wp-json\/wp\/v2\/product_tag?post=324354"}],"curies":[{"name":"wp","href":"https:\/\/api.w.org\/{rel}","templated":true}]}}