{"id":324358,"date":"2024-04-27T13:46:26","date_gmt":"2024-04-27T11:46:26","guid":{"rendered":"https:\/\/www.pomoline.com\/web-pruebas\/producto\/tirador-pomo-cromo-herrajes-mueble-bano-20mm\/"},"modified":"2025-03-13T21:29:06","modified_gmt":"2025-03-13T20:29:06","slug":"mobelknopf-knopf-chrom-beschlage-badezimmermobel-20mm","status":"publish","type":"product","link":"https:\/\/www.pomoline.com\/de\/produkt\/mobelknopf-knopf-chrom-beschlage-badezimmermobel-20mm\/","title":{"rendered":"M\u00d6BELKNOPF KNOPF CHROM | BESCHL\u00c4GE BADEZIMMERM\u00d6BEL 20MM"},"content":{"rendered":"<p>Verchromte Metalllkn\u00f6pfe f\u00fcr moderne M\u00f6belschubladen. Wir haben viele Formen und k\u00f6nnen auf Schrankt\u00fcren montiert werden. Dieses besondere Modell ist MOD 020 der verchromte Knopfgriff | Badm\u00f6belbeschl\u00e4ge 20mm<\/p>\n","protected":false},"excerpt":{"rendered":"<p>Verchromte Metalllkn\u00f6pfe f\u00fcr moderne M\u00f6belschubladen. Wir haben viele Formen und k\u00f6nnen auf Schrankt\u00fcren montiert werden. Dieses besondere Modell ist MOD 020 der verchromte Knopfgriff | Badm\u00f6belbeschl\u00e4ge 20mm<\/p>\n","protected":false},"featured_media":407981,"template":"","meta":{"_joinchat":[]},"product_brand":[],"product_cat":[961,5187],"product_tag":[],"class_list":{"0":"post-324358","1":"product","2":"type-product","3":"status-publish","4":"has-post-thumbnail","6":"product_cat-griffe-fur-mobel","7":"product_cat-mobelgriffe-und-knopfe-fur-schubladen","8":"pa_color-chrom-schrank-knauf-griffe-wandaufhanger-turhaken-mobel-beine","9":"pa_color-nickel-matt-schrank-griffe-griffe-wandaufhanger-turhaken-mobel-beine","10":"pa_tendencia-schrank-knopfe-moderne-schublade","12":"first","13":"instock","14":"taxable","15":"shipping-taxable","16":"purchasable","17":"product-type-variable","18":"has-default-attributes","19":"wvs-archive-product-wrapper"},"_links":{"self":[{"href":"https:\/\/www.pomoline.com\/de\/wp-json\/wp\/v2\/product\/324358","targetHints":{"allow":["GET"]}}],"collection":[{"href":"https:\/\/www.pomoline.com\/de\/wp-json\/wp\/v2\/product"}],"about":[{"href":"https:\/\/www.pomoline.com\/de\/wp-json\/wp\/v2\/types\/product"}],"wp:featuredmedia":[{"embeddable":true,"href":"https:\/\/www.pomoline.com\/de\/wp-json\/wp\/v2\/media\/407981"}],"wp:attachment":[{"href":"https:\/\/www.pomoline.com\/de\/wp-json\/wp\/v2\/media?parent=324358"}],"wp:term":[{"taxonomy":"product_brand","embeddable":true,"href":"https:\/\/www.pomoline.com\/de\/wp-json\/wp\/v2\/product_brand?post=324358"},{"taxonomy":"product_cat","embeddable":true,"href":"https:\/\/www.pomoline.com\/de\/wp-json\/wp\/v2\/product_cat?post=324358"},{"taxonomy":"product_tag","embeddable":true,"href":"https:\/\/www.pomoline.com\/de\/wp-json\/wp\/v2\/product_tag?post=324358"}],"curies":[{"name":"wp","href":"https:\/\/api.w.org\/{rel}","templated":true}]}}