{"id":324370,"date":"2024-04-27T13:46:47","date_gmt":"2024-04-27T11:46:47","guid":{"rendered":"https:\/\/www.pomoline.com\/web-pruebas\/producto\/tirador-pomo-de-niquel-cepillado-herrajes-mueble-diseno-moderno\/"},"modified":"2025-03-13T21:28:15","modified_gmt":"2025-03-13T20:28:15","slug":"mobelknopf-knopf-aus-nickel-geburstet-beschlage-mobel-modernes-design","status":"publish","type":"product","link":"https:\/\/www.pomoline.com\/de\/produkt\/mobelknopf-knopf-aus-nickel-geburstet-beschlage-mobel-modernes-design\/","title":{"rendered":"M\u00d6BELKNOPF KNOPF AUS NICKEL GEB\u00dcRSTET | BESCHL\u00c4GE M\u00d6BEL MODERNES DESIGN"},"content":{"rendered":"<p>Verchromte Metalllkn\u00f6pfe f\u00fcr moderne M\u00f6belschubladen. Wir haben viele Formen und k\u00f6nnen auf Schrankt\u00fcren montiert werden. Dieses besondere Modell ist der MOD 017 Knaufgriff aus geb\u00fcrstetem Nickel | moderne Design-M\u00f6belbeschl\u00e4ge<\/p>\n","protected":false},"excerpt":{"rendered":"<p>Verchromte Metalllkn\u00f6pfe f\u00fcr moderne M\u00f6belschubladen. Wir haben viele Formen und k\u00f6nnen auf Schrankt\u00fcren montiert werden. Dieses besondere Modell ist der MOD 017 Knaufgriff aus geb\u00fcrstetem Nickel | moderne Design-M\u00f6belbeschl\u00e4ge<\/p>\n","protected":false},"featured_media":407969,"template":"","meta":{"_joinchat":[]},"product_brand":[],"product_cat":[961,5187],"product_tag":[],"class_list":{"0":"post-324370","1":"product","2":"type-product","3":"status-publish","4":"has-post-thumbnail","6":"product_cat-griffe-fur-mobel","7":"product_cat-mobelgriffe-und-knopfe-fur-schubladen","8":"pa_color-geburstetes-nickel-schrank-griffe-griffe-wandaufhanger-turhaken-mobelbeine","9":"pa_tendencia-schubladen-kugelknauf-fur-mobel","11":"first","12":"instock","13":"taxable","14":"shipping-taxable","15":"purchasable","16":"product-type-variable","17":"has-default-attributes","18":"wvs-archive-product-wrapper"},"_links":{"self":[{"href":"https:\/\/www.pomoline.com\/de\/wp-json\/wp\/v2\/product\/324370","targetHints":{"allow":["GET"]}}],"collection":[{"href":"https:\/\/www.pomoline.com\/de\/wp-json\/wp\/v2\/product"}],"about":[{"href":"https:\/\/www.pomoline.com\/de\/wp-json\/wp\/v2\/types\/product"}],"wp:featuredmedia":[{"embeddable":true,"href":"https:\/\/www.pomoline.com\/de\/wp-json\/wp\/v2\/media\/407969"}],"wp:attachment":[{"href":"https:\/\/www.pomoline.com\/de\/wp-json\/wp\/v2\/media?parent=324370"}],"wp:term":[{"taxonomy":"product_brand","embeddable":true,"href":"https:\/\/www.pomoline.com\/de\/wp-json\/wp\/v2\/product_brand?post=324370"},{"taxonomy":"product_cat","embeddable":true,"href":"https:\/\/www.pomoline.com\/de\/wp-json\/wp\/v2\/product_cat?post=324370"},{"taxonomy":"product_tag","embeddable":true,"href":"https:\/\/www.pomoline.com\/de\/wp-json\/wp\/v2\/product_tag?post=324370"}],"curies":[{"name":"wp","href":"https:\/\/api.w.org\/{rel}","templated":true}]}}