{"id":324398,"date":"2024-04-27T13:47:33","date_gmt":"2024-04-27T11:47:33","guid":{"rendered":"https:\/\/www.pomoline.com\/web-pruebas\/producto\/pomos-y-tiradores-de-metal-para-el-mueble-moderno-diam-15x32mm\/"},"modified":"2025-03-13T21:26:15","modified_gmt":"2025-03-13T20:26:15","slug":"knopfe-und-mobelknopfe-aus-metall-fur-moderne-mobel-diam-15x32mm","status":"publish","type":"product","link":"https:\/\/www.pomoline.com\/de\/produkt\/knopfe-und-mobelknopfe-aus-metall-fur-moderne-mobel-diam-15x32mm\/","title":{"rendered":"KN\u00d6PFE UND M\u00d6BELKN\u00d6PFE AUS METALL F\u00dcR MODERNE M\u00d6BEL DIAM 15X32MM"},"content":{"rendered":"<p>Verchromte Metalllkn\u00f6pfe f\u00fcr moderne M\u00f6belschubladen. Wir haben viele Formen und k\u00f6nnen auf Schrankt\u00fcren montiert werden. Dieses besondere Modell ist MOD 008 Metalllkn\u00f6pfe und -griffe f\u00fcr moderne M\u00f6bel Durchmesser 15x32mm<\/p>\n","protected":false},"excerpt":{"rendered":"<p>Verchromte Metalllkn\u00f6pfe f\u00fcr moderne M\u00f6belschubladen. Wir haben viele Formen und k\u00f6nnen auf Schrankt\u00fcren montiert werden. Dieses besondere Modell ist MOD 008 Metalllkn\u00f6pfe und -griffe f\u00fcr moderne M\u00f6bel Durchmesser 15x32mm<\/p>\n","protected":false},"featured_media":407941,"template":"","meta":{"_joinchat":[]},"product_brand":[],"product_cat":[961,5187],"product_tag":[],"class_list":{"0":"post-324398","1":"product","2":"type-product","3":"status-publish","4":"has-post-thumbnail","6":"product_cat-griffe-fur-mobel","7":"product_cat-mobelgriffe-und-knopfe-fur-schubladen","8":"pa_color-chrom-schrank-knauf-griffe-wandaufhanger-turhaken-mobel-beine","9":"pa_color-matt-chrom-schrankgriffe-griffe-wandaufhanger-turhaken-mobelbeine","10":"pa_tendencia-schrank-knopfe-moderne-schublade","12":"first","13":"instock","14":"taxable","15":"shipping-taxable","16":"purchasable","17":"product-type-variable","18":"has-default-attributes","19":"wvs-archive-product-wrapper"},"_links":{"self":[{"href":"https:\/\/www.pomoline.com\/de\/wp-json\/wp\/v2\/product\/324398","targetHints":{"allow":["GET"]}}],"collection":[{"href":"https:\/\/www.pomoline.com\/de\/wp-json\/wp\/v2\/product"}],"about":[{"href":"https:\/\/www.pomoline.com\/de\/wp-json\/wp\/v2\/types\/product"}],"wp:featuredmedia":[{"embeddable":true,"href":"https:\/\/www.pomoline.com\/de\/wp-json\/wp\/v2\/media\/407941"}],"wp:attachment":[{"href":"https:\/\/www.pomoline.com\/de\/wp-json\/wp\/v2\/media?parent=324398"}],"wp:term":[{"taxonomy":"product_brand","embeddable":true,"href":"https:\/\/www.pomoline.com\/de\/wp-json\/wp\/v2\/product_brand?post=324398"},{"taxonomy":"product_cat","embeddable":true,"href":"https:\/\/www.pomoline.com\/de\/wp-json\/wp\/v2\/product_cat?post=324398"},{"taxonomy":"product_tag","embeddable":true,"href":"https:\/\/www.pomoline.com\/de\/wp-json\/wp\/v2\/product_tag?post=324398"}],"curies":[{"name":"wp","href":"https:\/\/api.w.org\/{rel}","templated":true}]}}