{"id":324426,"date":"2024-04-27T13:48:14","date_gmt":"2024-04-27T11:48:14","guid":{"rendered":"https:\/\/www.pomoline.com\/web-pruebas\/producto\/tirador-pomo-de-mueble-conico-cromo-metacrilato-centro-colores\/"},"modified":"2025-03-13T21:24:14","modified_gmt":"2025-03-13T20:24:14","slug":"mobelknopf-knopf-von-mobel-konisch-chrom-metacrylat-farbzentrum","status":"publish","type":"product","link":"https:\/\/www.pomoline.com\/de\/produkt\/mobelknopf-knopf-von-mobel-konisch-chrom-metacrylat-farbzentrum\/","title":{"rendered":"M\u00d6BELKNOPF KNOPF VON M\u00d6BEL KONISCH CHROM METACRYLAT FARBZENTRUM"},"content":{"rendered":"<p>Griffe und Kn\u00f6pfe f\u00fcr Schubladen und T\u00fcren sehr modern f\u00fcr schicke M\u00f6bel.Dieses Modell ist MOD 0031 konisch Chrom Methacrylat M\u00f6belknopf Griff Mitte Farben<\/p>\n","protected":false},"excerpt":{"rendered":"<p>Griffe und Kn\u00f6pfe f\u00fcr Schubladen und T\u00fcren sehr modern f\u00fcr schicke M\u00f6bel.Dieses Modell ist MOD 0031 konisch Chrom Methacrylat M\u00f6belknopf Griff Mitte Farben<\/p>\n","protected":false},"featured_media":407913,"template":"","meta":{"_joinchat":[]},"product_brand":[],"product_cat":[961,5187],"product_tag":[],"class_list":{"0":"post-324426","1":"product","2":"type-product","3":"status-publish","4":"has-post-thumbnail","6":"product_cat-griffe-fur-mobel","7":"product_cat-mobelgriffe-und-knopfe-fur-schubladen","8":"pa_color-blau-schrank-knauf-griffe-wandaufhanger-turhaken-mobel-beine","9":"pa_color-braun-schrank-griffe-griffe-wandaufhanger-turhaken-mobel-beine","10":"pa_tendencia-pop-schrank-griffe-und-knopfe","12":"first","13":"instock","14":"taxable","15":"shipping-taxable","16":"purchasable","17":"product-type-variable","18":"has-default-attributes","19":"wvs-archive-product-wrapper"},"_links":{"self":[{"href":"https:\/\/www.pomoline.com\/de\/wp-json\/wp\/v2\/product\/324426","targetHints":{"allow":["GET"]}}],"collection":[{"href":"https:\/\/www.pomoline.com\/de\/wp-json\/wp\/v2\/product"}],"about":[{"href":"https:\/\/www.pomoline.com\/de\/wp-json\/wp\/v2\/types\/product"}],"wp:featuredmedia":[{"embeddable":true,"href":"https:\/\/www.pomoline.com\/de\/wp-json\/wp\/v2\/media\/407913"}],"wp:attachment":[{"href":"https:\/\/www.pomoline.com\/de\/wp-json\/wp\/v2\/media?parent=324426"}],"wp:term":[{"taxonomy":"product_brand","embeddable":true,"href":"https:\/\/www.pomoline.com\/de\/wp-json\/wp\/v2\/product_brand?post=324426"},{"taxonomy":"product_cat","embeddable":true,"href":"https:\/\/www.pomoline.com\/de\/wp-json\/wp\/v2\/product_cat?post=324426"},{"taxonomy":"product_tag","embeddable":true,"href":"https:\/\/www.pomoline.com\/de\/wp-json\/wp\/v2\/product_tag?post=324426"}],"curies":[{"name":"wp","href":"https:\/\/api.w.org\/{rel}","templated":true}]}}