{"id":324430,"date":"2024-04-27T13:48:18","date_gmt":"2024-04-27T11:48:18","guid":{"rendered":"https:\/\/www.pomoline.com\/web-pruebas\/producto\/tirador-pomo-cromo-herrajes-mueble-bano-20x20mm\/"},"modified":"2025-03-13T21:23:55","modified_gmt":"2025-03-13T20:23:55","slug":"mobelknopf-knopf-chrom-beschlage-badezimmermobel-20x20mm","status":"publish","type":"product","link":"https:\/\/www.pomoline.com\/de\/produkt\/mobelknopf-knopf-chrom-beschlage-badezimmermobel-20x20mm\/","title":{"rendered":"M\u00d6BELKNOPF KNOPF CHROM | BESCHL\u00c4GE BADEZIMMERM\u00d6BEL 20x20MM"},"content":{"rendered":"<p>Verchromte Metalllkn\u00f6pfe f\u00fcr moderne M\u00f6belschubladen. Wir haben viele Formen und k\u00f6nnen auf Schrankt\u00fcren montiert werden. Dieses Modell ist der MOD 003 Chrom Knopf Griff | Badm\u00f6belbeschl\u00e4ge 20x20mm<\/p>\n","protected":false},"excerpt":{"rendered":"<p>Verchromte Metalllkn\u00f6pfe f\u00fcr moderne M\u00f6belschubladen. Wir haben viele Formen und k\u00f6nnen auf Schrankt\u00fcren montiert werden. Dieses Modell ist der MOD 003 Chrom Knopf Griff | Badm\u00f6belbeschl\u00e4ge 20x20mm<\/p>\n","protected":false},"featured_media":407909,"template":"","meta":{"_joinchat":[]},"product_brand":[],"product_cat":[961,5187],"product_tag":[],"class_list":{"0":"post-324430","1":"product","2":"type-product","3":"status-publish","4":"has-post-thumbnail","6":"product_cat-griffe-fur-mobel","7":"product_cat-mobelgriffe-und-knopfe-fur-schubladen","8":"pa_color-chrom-schrank-knauf-griffe-wandaufhanger-turhaken-mobel-beine","9":"pa_color-matt-chrom-schrankgriffe-griffe-wandaufhanger-turhaken-mobelbeine","10":"pa_color-nickel-matt-schrank-griffe-griffe-wandaufhanger-turhaken-mobel-beine","11":"pa_tendencia-schrank-knopfe-moderne-schublade","13":"first","14":"instock","15":"taxable","16":"shipping-taxable","17":"purchasable","18":"product-type-variable","19":"has-default-attributes","20":"wvs-archive-product-wrapper"},"_links":{"self":[{"href":"https:\/\/www.pomoline.com\/de\/wp-json\/wp\/v2\/product\/324430","targetHints":{"allow":["GET"]}}],"collection":[{"href":"https:\/\/www.pomoline.com\/de\/wp-json\/wp\/v2\/product"}],"about":[{"href":"https:\/\/www.pomoline.com\/de\/wp-json\/wp\/v2\/types\/product"}],"wp:featuredmedia":[{"embeddable":true,"href":"https:\/\/www.pomoline.com\/de\/wp-json\/wp\/v2\/media\/407909"}],"wp:attachment":[{"href":"https:\/\/www.pomoline.com\/de\/wp-json\/wp\/v2\/media?parent=324430"}],"wp:term":[{"taxonomy":"product_brand","embeddable":true,"href":"https:\/\/www.pomoline.com\/de\/wp-json\/wp\/v2\/product_brand?post=324430"},{"taxonomy":"product_cat","embeddable":true,"href":"https:\/\/www.pomoline.com\/de\/wp-json\/wp\/v2\/product_cat?post=324430"},{"taxonomy":"product_tag","embeddable":true,"href":"https:\/\/www.pomoline.com\/de\/wp-json\/wp\/v2\/product_tag?post=324430"}],"curies":[{"name":"wp","href":"https:\/\/api.w.org\/{rel}","templated":true}]}}