{"id":324450,"date":"2024-04-27T13:48:47","date_gmt":"2024-04-27T11:48:47","guid":{"rendered":"https:\/\/www.pomoline.com\/web-pruebas\/producto\/tirador-pomo-de-mueble-cuadrado-niquel-cepillado-y-metacrilato-blanco\/"},"modified":"2025-03-13T21:22:29","modified_gmt":"2025-03-13T20:22:29","slug":"mobelknopf-knopf-von-mobel-quadratisch-nickel-geburstet-und-metacrylat-weiss","status":"publish","type":"product","link":"https:\/\/www.pomoline.com\/de\/produkt\/mobelknopf-knopf-von-mobel-quadratisch-nickel-geburstet-und-metacrylat-weiss\/","title":{"rendered":"M\u00d6BELKNOPF KNOPF VON M\u00d6BEL QUADRATISCH NICKEL GEB\u00dcRSTET UND METACRYLAT WEISS"},"content":{"rendered":"<p>Griffe und Kn\u00f6pfe f\u00fcr Schubladen und T\u00fcren sehr modern f\u00fcr schicke M\u00f6bel im Chill-out-Stil. Dieses besondere Modell ist der MOD 0007 quadratische M\u00f6belknopf Griff MOD 0007 Nickel geb\u00fcrstet und wei\u00dfes Methacrylat<\/p>\n","protected":false},"excerpt":{"rendered":"<p>Griffe und Kn\u00f6pfe f\u00fcr Schubladen und T\u00fcren sehr modern f\u00fcr schicke M\u00f6bel im Chill-out-Stil. Dieses besondere Modell ist der MOD 0007 quadratische M\u00f6belknopf Griff MOD 0007 Nickel geb\u00fcrstet und wei\u00dfes Methacrylat<\/p>\n","protected":false},"featured_media":407887,"template":"","meta":{"_joinchat":[]},"product_brand":[],"product_cat":[961,5187],"product_tag":[],"class_list":{"0":"post-324450","1":"product","2":"type-product","3":"status-publish","4":"has-post-thumbnail","6":"product_cat-griffe-fur-mobel","7":"product_cat-mobelgriffe-und-knopfe-fur-schubladen","8":"pa_color-weis-schrank-griffe-griffe-wandhaken-turhaken-mobelbeine","9":"pa_tendencia-pop-schrank-griffe-und-knopfe","11":"first","12":"instock","13":"taxable","14":"shipping-taxable","15":"purchasable","16":"product-type-variable","17":"has-default-attributes","18":"wvs-archive-product-wrapper"},"_links":{"self":[{"href":"https:\/\/www.pomoline.com\/de\/wp-json\/wp\/v2\/product\/324450","targetHints":{"allow":["GET"]}}],"collection":[{"href":"https:\/\/www.pomoline.com\/de\/wp-json\/wp\/v2\/product"}],"about":[{"href":"https:\/\/www.pomoline.com\/de\/wp-json\/wp\/v2\/types\/product"}],"wp:featuredmedia":[{"embeddable":true,"href":"https:\/\/www.pomoline.com\/de\/wp-json\/wp\/v2\/media\/407887"}],"wp:attachment":[{"href":"https:\/\/www.pomoline.com\/de\/wp-json\/wp\/v2\/media?parent=324450"}],"wp:term":[{"taxonomy":"product_brand","embeddable":true,"href":"https:\/\/www.pomoline.com\/de\/wp-json\/wp\/v2\/product_brand?post=324450"},{"taxonomy":"product_cat","embeddable":true,"href":"https:\/\/www.pomoline.com\/de\/wp-json\/wp\/v2\/product_cat?post=324450"},{"taxonomy":"product_tag","embeddable":true,"href":"https:\/\/www.pomoline.com\/de\/wp-json\/wp\/v2\/product_tag?post=324450"}],"curies":[{"name":"wp","href":"https:\/\/api.w.org\/{rel}","templated":true}]}}