{"id":324454,"date":"2024-04-27T13:48:52","date_gmt":"2024-04-27T11:48:52","guid":{"rendered":"https:\/\/www.pomoline.com\/web-pruebas\/producto\/tirador-pomo-de-mueble-metacrilato-negro\/"},"modified":"2025-03-13T21:22:10","modified_gmt":"2025-03-13T20:22:10","slug":"mobelknopf-knopf-von-mobel-metacrylat-schwarz","status":"publish","type":"product","link":"https:\/\/www.pomoline.com\/de\/produkt\/mobelknopf-knopf-von-mobel-metacrylat-schwarz\/","title":{"rendered":"M\u00d6BELKNOPF KNOPF VON M\u00d6BEL METACRYLAT SCHWARZ"},"content":{"rendered":"<p>Griffe und Kn\u00f6pfe f\u00fcr Schubladen und T\u00fcren sehr modern f\u00fcr schicke M\u00f6bel. Dieses besondere Modell ist der MOD 0004 M\u00f6belknopf Griff aus schwarzem Methacrylat<\/p>\n","protected":false},"excerpt":{"rendered":"<p>Griffe und Kn\u00f6pfe f\u00fcr Schubladen und T\u00fcren sehr modern f\u00fcr schicke M\u00f6bel. Dieses besondere Modell ist der MOD 0004 M\u00f6belknopf Griff aus schwarzem Methacrylat<\/p>\n","protected":false},"featured_media":407883,"template":"","meta":{"_joinchat":[]},"product_brand":[],"product_cat":[961,5187],"product_tag":[],"class_list":{"0":"post-324454","1":"product","2":"type-product","3":"status-publish","4":"has-post-thumbnail","6":"product_cat-griffe-fur-mobel","7":"product_cat-mobelgriffe-und-knopfe-fur-schubladen","8":"pa_color-schwarz-schrank-griffe-griffe-wandaufhanger-turhaken-mobelbeine","9":"pa_tendencia-pop-schrank-griffe-und-knopfe","11":"first","12":"instock","13":"taxable","14":"shipping-taxable","15":"purchasable","16":"product-type-variable","17":"has-default-attributes","18":"wvs-archive-product-wrapper"},"_links":{"self":[{"href":"https:\/\/www.pomoline.com\/de\/wp-json\/wp\/v2\/product\/324454","targetHints":{"allow":["GET"]}}],"collection":[{"href":"https:\/\/www.pomoline.com\/de\/wp-json\/wp\/v2\/product"}],"about":[{"href":"https:\/\/www.pomoline.com\/de\/wp-json\/wp\/v2\/types\/product"}],"wp:featuredmedia":[{"embeddable":true,"href":"https:\/\/www.pomoline.com\/de\/wp-json\/wp\/v2\/media\/407883"}],"wp:attachment":[{"href":"https:\/\/www.pomoline.com\/de\/wp-json\/wp\/v2\/media?parent=324454"}],"wp:term":[{"taxonomy":"product_brand","embeddable":true,"href":"https:\/\/www.pomoline.com\/de\/wp-json\/wp\/v2\/product_brand?post=324454"},{"taxonomy":"product_cat","embeddable":true,"href":"https:\/\/www.pomoline.com\/de\/wp-json\/wp\/v2\/product_cat?post=324454"},{"taxonomy":"product_tag","embeddable":true,"href":"https:\/\/www.pomoline.com\/de\/wp-json\/wp\/v2\/product_tag?post=324454"}],"curies":[{"name":"wp","href":"https:\/\/api.w.org\/{rel}","templated":true}]}}