{"id":407343,"date":"2024-09-12T12:49:41","date_gmt":"2024-09-12T10:49:41","guid":{"rendered":"https:\/\/www.pomoline.com\/web-pruebas\/producto\/pomo-bola-plastico-colores-brillo-para-mueble-infantil-y-tirador-cajon-34\/"},"modified":"2025-07-07T11:30:00","modified_gmt":"2025-07-07T09:30:00","slug":"knopf-kugel-kunststoff-farben-glanzend-fur-mobel-kindlich-und-mobelknopf-schublade-34","status":"publish","type":"product","link":"https:\/\/www.pomoline.com\/de\/produkt\/knopf-kugel-kunststoff-farben-glanzend-fur-mobel-kindlich-und-mobelknopf-schublade-34\/","title":{"rendered":"KNOPF KUGEL KUNSTSTOFF FARBEN GL\u00c4NZEND F\u00dcR M\u00d6BEL KINDLICH UND M\u00d6BELKNOPF SCHUBLADE 34MM"},"content":{"rendered":"<p>34 mm gro\u00dfe, farbig lackierte Kunststoffkn\u00f6pfe f\u00fcr Kinderm\u00f6belschubladen. Diese Griffe haben sehr gute Preise und verleihen dem Raum eine sehr sch\u00f6ne Note. Bei diesem speziellen Modell handelt es sich um den bunten Kunststoff-Kugelknopf MOD 626 f\u00fcr Kinder<\/p>\n","protected":false},"excerpt":{"rendered":"<p>34 mm gro\u00dfe, farbig lackierte Kunststoffkn\u00f6pfe f\u00fcr Kinderm\u00f6belschubladen. Diese Griffe haben sehr gute Preise und verleihen dem Raum eine sehr sch\u00f6ne Note. Bei diesem speziellen Modell handelt es sich um den bunten Kunststoff-Kugelknopf MOD 626 f\u00fcr Kinder<\/p>\n","protected":false},"featured_media":411325,"template":"","meta":{"_joinchat":[]},"product_brand":[],"product_cat":[993],"product_tag":[],"class_list":{"0":"post-407343","1":"product","2":"type-product","3":"status-publish","4":"has-post-thumbnail","6":"product_cat-knopfe-kindermobel-baby-schubladen","7":"pa_color-grun-schrank-griffe-griffe-wandaufhanger-turhaken-mobel-beine","8":"pa_color-schwarz-schrank-griffe-griffe-wandaufhanger-turhaken-mobelbeine","9":"pa_color-weis-schrank-griffe-griffe-wandhaken-turhaken-mobelbeine","10":"pa_color-dunkelblau-schrank-knauf-griffe-wandaufhanger-turhaken-mobel-beine","11":"pa_color-gelb-schrank-griffe-griffe-wandaufhanger-turhaken-mobel-beine","12":"pa_color-blau-schrank-knauf-griffe-wandaufhanger-turhaken-mobel-beine","13":"pa_color-grau-schrank-knauf-griffe-wandaufhanger-turhaken-mobel-beine","14":"pa_color-hellblau-schrankgriffe-griffe-wandaufhanger-turhaken-mobelbeine","15":"pa_color-lila-schrankknopfe-griffe-wandhaken-turhaken-mobelbeine","16":"pa_color-magenta-schrank-knauf-griffe-wandaufhanger-turhaken-mobel-beine","17":"pa_color-matt-chrom-schrankgriffe-griffe-wandaufhanger-turhaken-mobelbeine","18":"pa_color-orange-schrank-griffe-griffe-wandaufhanger-turhaken-mobel-beine","19":"pa_color-pistazie-grun-schrankknopfe-griffe-wandhaken-turhaken-mobelbeine","20":"pa_color-pink-schrank-knauf-griffe-wandaufhanger-turhaken-mobel-beine","21":"pa_color-rot-schrank-knauf-griffe-wandaufhanger-turhaken-mobel-beine","22":"pa_tendencia-schubladen-kugelknauf-fur-mobel","24":"first","25":"instock","26":"taxable","27":"shipping-taxable","28":"purchasable","29":"product-type-variable","30":"has-default-attributes","31":"wvs-archive-product-wrapper"},"_links":{"self":[{"href":"https:\/\/www.pomoline.com\/de\/wp-json\/wp\/v2\/product\/407343","targetHints":{"allow":["GET"]}}],"collection":[{"href":"https:\/\/www.pomoline.com\/de\/wp-json\/wp\/v2\/product"}],"about":[{"href":"https:\/\/www.pomoline.com\/de\/wp-json\/wp\/v2\/types\/product"}],"wp:featuredmedia":[{"embeddable":true,"href":"https:\/\/www.pomoline.com\/de\/wp-json\/wp\/v2\/media\/411325"}],"wp:attachment":[{"href":"https:\/\/www.pomoline.com\/de\/wp-json\/wp\/v2\/media?parent=407343"}],"wp:term":[{"taxonomy":"product_brand","embeddable":true,"href":"https:\/\/www.pomoline.com\/de\/wp-json\/wp\/v2\/product_brand?post=407343"},{"taxonomy":"product_cat","embeddable":true,"href":"https:\/\/www.pomoline.com\/de\/wp-json\/wp\/v2\/product_cat?post=407343"},{"taxonomy":"product_tag","embeddable":true,"href":"https:\/\/www.pomoline.com\/de\/wp-json\/wp\/v2\/product_tag?post=407343"}],"curies":[{"name":"wp","href":"https:\/\/api.w.org\/{rel}","templated":true}]}}