{"id":426752,"date":"2024-12-01T19:59:37","date_gmt":"2024-12-01T18:59:37","guid":{"rendered":"https:\/\/www.pomoline.com\/web-pruebas\/producto\/pomo-41mm-resina-nacar-con-bronce-envejecido\/"},"modified":"2025-03-13T21:18:23","modified_gmt":"2025-03-13T20:18:23","slug":"knauf-41mm-perlmutt-harz-mit-gealterter-bronze","status":"publish","type":"product","link":"https:\/\/www.pomoline.com\/de\/produkt\/knauf-41mm-perlmutt-harz-mit-gealterter-bronze\/","title":{"rendered":"KNAUF 41MM PERLMUTT HARZ MIT GEALTERTER BRONZE"},"content":{"rendered":"<p>Dieses M\u00f6belgriffmodell ist f\u00fcr die Montage an M\u00f6belt\u00fcren oder Schubladen konzipiert und wir liefern es mit den f\u00fcr die Montage notwendigen Schrauben, knauf 41mm perlmutt harz mit gealterter bronze<\/p>\n","protected":false},"excerpt":{"rendered":"<p>Dieses M\u00f6belgriffmodell ist f\u00fcr die Montage an M\u00f6belt\u00fcren oder Schubladen konzipiert und wir liefern es mit den f\u00fcr die Montage notwendigen Schrauben, knauf 41mm perlmutt harz mit gealterter bronze<\/p>\n","protected":false},"featured_media":426749,"template":"","meta":{"_joinchat":[]},"product_brand":[],"product_cat":[985,5187,977],"product_tag":[],"class_list":{"0":"post-426752","1":"product","2":"type-product","3":"status-publish","4":"has-post-thumbnail","6":"product_cat-porzellanknaufe-mobelknaufen","7":"product_cat-mobelgriffe-und-knopfe-fur-schubladen","8":"product_cat-mobelknopfe-griffe-vintage-shabby-chic-klassische-provence-schublade","9":"pa_color-perlmutt-schrank-knaufe-griffe-wandaufhanger-turhaken-mobel-beine","10":"pa_tendencia-porzellanknopfe-fur-mobel","12":"first","13":"instock","14":"taxable","15":"shipping-taxable","16":"purchasable","17":"product-type-variable","18":"has-default-attributes","19":"wvs-archive-product-wrapper"},"_links":{"self":[{"href":"https:\/\/www.pomoline.com\/de\/wp-json\/wp\/v2\/product\/426752","targetHints":{"allow":["GET"]}}],"collection":[{"href":"https:\/\/www.pomoline.com\/de\/wp-json\/wp\/v2\/product"}],"about":[{"href":"https:\/\/www.pomoline.com\/de\/wp-json\/wp\/v2\/types\/product"}],"wp:featuredmedia":[{"embeddable":true,"href":"https:\/\/www.pomoline.com\/de\/wp-json\/wp\/v2\/media\/426749"}],"wp:attachment":[{"href":"https:\/\/www.pomoline.com\/de\/wp-json\/wp\/v2\/media?parent=426752"}],"wp:term":[{"taxonomy":"product_brand","embeddable":true,"href":"https:\/\/www.pomoline.com\/de\/wp-json\/wp\/v2\/product_brand?post=426752"},{"taxonomy":"product_cat","embeddable":true,"href":"https:\/\/www.pomoline.com\/de\/wp-json\/wp\/v2\/product_cat?post=426752"},{"taxonomy":"product_tag","embeddable":true,"href":"https:\/\/www.pomoline.com\/de\/wp-json\/wp\/v2\/product_tag?post=426752"}],"curies":[{"name":"wp","href":"https:\/\/api.w.org\/{rel}","templated":true}]}}