{"id":426760,"date":"2024-12-01T19:59:59","date_gmt":"2024-12-01T18:59:59","guid":{"rendered":"https:\/\/www.pomoline.com\/web-pruebas\/producto\/pomo-hexagonal-45mm-ceramica-dorado-blanco-y-rosa\/"},"modified":"2025-03-13T21:18:05","modified_gmt":"2025-03-13T20:18:05","slug":"sechseckiger-knauf-45mm-keramik-vergoldet-weis-und-rosa","status":"publish","type":"product","link":"https:\/\/www.pomoline.com\/de\/produkt\/sechseckiger-knauf-45mm-keramik-vergoldet-weis-und-rosa\/","title":{"rendered":"SECHSECKIGER KNAUF 45MM KERAMIK VERGOLDET WEI\u00df UND ROSA"},"content":{"rendered":"<p>Dieses M\u00f6belgriffmodell ist f\u00fcr die Montage an M\u00f6belt\u00fcren oder Schubladen konzipiert und wir liefern es mit den f\u00fcr die Montage notwendigen Schrauben, sechseckiger knauf 45mm keramik vergoldet wei\u00df und rosa<\/p>\n","protected":false},"excerpt":{"rendered":"<p>Dieses M\u00f6belgriffmodell ist f\u00fcr die Montage an M\u00f6belt\u00fcren oder Schubladen konzipiert und wir liefern es mit den f\u00fcr die Montage notwendigen Schrauben, sechseckiger knauf 45mm keramik vergoldet wei\u00df und rosa<\/p>\n","protected":false},"featured_media":426757,"template":"","meta":{"_joinchat":[]},"product_brand":[],"product_cat":[985,5187,973],"product_tag":[],"class_list":{"0":"post-426760","1":"product","2":"type-product","3":"status-publish","4":"has-post-thumbnail","6":"product_cat-porzellanknaufe-mobelknaufen","7":"product_cat-mobelgriffe-und-knopfe-fur-schubladen","8":"product_cat-knopfe-geschliffenes-horn-mobelknopfe-knochen-perlmutt-rustikale-ethnische","9":"pa_color-pink-schrank-knauf-griffe-wandaufhanger-turhaken-mobel-beine","10":"pa_tendencia-porzellanknopfe-fur-mobel","12":"first","13":"instock","14":"taxable","15":"shipping-taxable","16":"purchasable","17":"product-type-variable","18":"has-default-attributes","19":"wvs-archive-product-wrapper"},"_links":{"self":[{"href":"https:\/\/www.pomoline.com\/de\/wp-json\/wp\/v2\/product\/426760","targetHints":{"allow":["GET"]}}],"collection":[{"href":"https:\/\/www.pomoline.com\/de\/wp-json\/wp\/v2\/product"}],"about":[{"href":"https:\/\/www.pomoline.com\/de\/wp-json\/wp\/v2\/types\/product"}],"wp:featuredmedia":[{"embeddable":true,"href":"https:\/\/www.pomoline.com\/de\/wp-json\/wp\/v2\/media\/426757"}],"wp:attachment":[{"href":"https:\/\/www.pomoline.com\/de\/wp-json\/wp\/v2\/media?parent=426760"}],"wp:term":[{"taxonomy":"product_brand","embeddable":true,"href":"https:\/\/www.pomoline.com\/de\/wp-json\/wp\/v2\/product_brand?post=426760"},{"taxonomy":"product_cat","embeddable":true,"href":"https:\/\/www.pomoline.com\/de\/wp-json\/wp\/v2\/product_cat?post=426760"},{"taxonomy":"product_tag","embeddable":true,"href":"https:\/\/www.pomoline.com\/de\/wp-json\/wp\/v2\/product_tag?post=426760"}],"curies":[{"name":"wp","href":"https:\/\/api.w.org\/{rel}","templated":true}]}}