{"id":426776,"date":"2024-12-01T20:00:46","date_gmt":"2024-12-01T19:00:46","guid":{"rendered":"https:\/\/www.pomoline.com\/web-pruebas\/producto\/pomo-44mm-ceramica-blanca-con-cristal-y-borde-dorado\/"},"modified":"2025-03-13T21:17:31","modified_gmt":"2025-03-13T20:17:31","slug":"knauf-44mm-aus-weiser-keramik-mit-glas-und-goldrand","status":"publish","type":"product","link":"https:\/\/www.pomoline.com\/de\/produkt\/knauf-44mm-aus-weiser-keramik-mit-glas-und-goldrand\/","title":{"rendered":"KNAUF 44MM AUS WEI\u00dfER KERAMIK MIT GLAS UND GOLDRAND"},"content":{"rendered":"<p>Dieses M\u00f6belgriffmodell ist f\u00fcr die Montage an M\u00f6belt\u00fcren oder Schubladen konzipiert und wir liefern es mit den f\u00fcr die Montage notwendigen Schrauben, knauf 44mm aus wei\u00dfer keramik mit glas und goldrand<\/p>\n","protected":false},"excerpt":{"rendered":"<p>Dieses M\u00f6belgriffmodell ist f\u00fcr die Montage an M\u00f6belt\u00fcren oder Schubladen konzipiert und wir liefern es mit den f\u00fcr die Montage notwendigen Schrauben, knauf 44mm aus wei\u00dfer keramik mit glas und goldrand<\/p>\n","protected":false},"featured_media":426773,"template":"","meta":{"_joinchat":[]},"product_brand":[],"product_cat":[985,5187,973],"product_tag":[],"class_list":{"0":"post-426776","1":"product","2":"type-product","3":"status-publish","4":"has-post-thumbnail","6":"product_cat-porzellanknaufe-mobelknaufen","7":"product_cat-mobelgriffe-und-knopfe-fur-schubladen","8":"product_cat-knopfe-geschliffenes-horn-mobelknopfe-knochen-perlmutt-rustikale-ethnische","9":"pa_color-weis-schrank-griffe-griffe-wandhaken-turhaken-mobelbeine","10":"pa_tendencia-porzellanknopfe-fur-mobel","12":"first","13":"instock","14":"taxable","15":"shipping-taxable","16":"purchasable","17":"product-type-variable","18":"has-default-attributes","19":"wvs-archive-product-wrapper"},"_links":{"self":[{"href":"https:\/\/www.pomoline.com\/de\/wp-json\/wp\/v2\/product\/426776","targetHints":{"allow":["GET"]}}],"collection":[{"href":"https:\/\/www.pomoline.com\/de\/wp-json\/wp\/v2\/product"}],"about":[{"href":"https:\/\/www.pomoline.com\/de\/wp-json\/wp\/v2\/types\/product"}],"wp:featuredmedia":[{"embeddable":true,"href":"https:\/\/www.pomoline.com\/de\/wp-json\/wp\/v2\/media\/426773"}],"wp:attachment":[{"href":"https:\/\/www.pomoline.com\/de\/wp-json\/wp\/v2\/media?parent=426776"}],"wp:term":[{"taxonomy":"product_brand","embeddable":true,"href":"https:\/\/www.pomoline.com\/de\/wp-json\/wp\/v2\/product_brand?post=426776"},{"taxonomy":"product_cat","embeddable":true,"href":"https:\/\/www.pomoline.com\/de\/wp-json\/wp\/v2\/product_cat?post=426776"},{"taxonomy":"product_tag","embeddable":true,"href":"https:\/\/www.pomoline.com\/de\/wp-json\/wp\/v2\/product_tag?post=426776"}],"curies":[{"name":"wp","href":"https:\/\/api.w.org\/{rel}","templated":true}]}}