{"id":426888,"date":"2024-12-01T20:06:11","date_gmt":"2024-12-01T19:06:11","guid":{"rendered":"https:\/\/www.pomoline.com\/web-pruebas\/producto\/anilla-mueble-rustico-45mm-laton-envejecido\/"},"modified":"2025-03-13T21:13:51","modified_gmt":"2025-03-13T20:13:51","slug":"rustikaler-mobelringgriff-45mm-antikmod-210b","status":"publish","type":"product","link":"https:\/\/www.pomoline.com\/de\/produkt\/rustikaler-mobelringgriff-45mm-antikmod-210b\/","title":{"rendered":"RUSTIKALER M\u00d6BELRINGGRIFF 45MM ANTIK"},"content":{"rendered":"<p>Ring- und Pendel-M\u00f6belgriffbeschl\u00e4ge aus Metall in Altmessing-Optik f\u00fcr Kommode, Kleiderschrank oder Kommode im klassischen Stil f\u00fcr zeitlose M\u00f6bel, die immer elegant sind und einen bleibenden Stil haben. rustikaler m\u00f6belringgriff 45mm antik<\/p>\n","protected":false},"excerpt":{"rendered":"<p>Ring- und Pendel-M\u00f6belgriffbeschl\u00e4ge aus Metall in Altmessing-Optik f\u00fcr Kommode, Kleiderschrank oder Kommode im klassischen Stil f\u00fcr zeitlose M\u00f6bel, die immer elegant sind und einen bleibenden Stil haben. rustikaler m\u00f6belringgriff 45mm antik<\/p>\n","protected":false},"featured_media":431487,"template":"","meta":{"_joinchat":[]},"product_brand":[],"product_cat":[5187,981],"product_tag":[],"class_list":{"0":"post-426888","1":"product","2":"type-product","3":"status-publish","4":"has-post-thumbnail","6":"product_cat-mobelgriffe-und-knopfe-fur-schubladen","7":"product_cat-mobelknopfe-metall-klassische-ringe-und-beschlage-vintage-schublade","8":"pa_color-schwarz-schrank-griffe-griffe-wandaufhanger-turhaken-mobelbeine","9":"pa_color-alte-messing-schrankknopfe-griffe-wandaufhanger-turhaken-mobelbeine","10":"pa_tendencia-ringgriff-schublade-mobel-klassisch","12":"first","13":"instock","14":"taxable","15":"shipping-taxable","16":"purchasable","17":"product-type-variable","18":"has-default-attributes","19":"wvs-archive-product-wrapper"},"_links":{"self":[{"href":"https:\/\/www.pomoline.com\/de\/wp-json\/wp\/v2\/product\/426888","targetHints":{"allow":["GET"]}}],"collection":[{"href":"https:\/\/www.pomoline.com\/de\/wp-json\/wp\/v2\/product"}],"about":[{"href":"https:\/\/www.pomoline.com\/de\/wp-json\/wp\/v2\/types\/product"}],"wp:featuredmedia":[{"embeddable":true,"href":"https:\/\/www.pomoline.com\/de\/wp-json\/wp\/v2\/media\/431487"}],"wp:attachment":[{"href":"https:\/\/www.pomoline.com\/de\/wp-json\/wp\/v2\/media?parent=426888"}],"wp:term":[{"taxonomy":"product_brand","embeddable":true,"href":"https:\/\/www.pomoline.com\/de\/wp-json\/wp\/v2\/product_brand?post=426888"},{"taxonomy":"product_cat","embeddable":true,"href":"https:\/\/www.pomoline.com\/de\/wp-json\/wp\/v2\/product_cat?post=426888"},{"taxonomy":"product_tag","embeddable":true,"href":"https:\/\/www.pomoline.com\/de\/wp-json\/wp\/v2\/product_tag?post=426888"}],"curies":[{"name":"wp","href":"https:\/\/api.w.org\/{rel}","templated":true}]}}