{"id":426904,"date":"2024-12-01T20:06:55","date_gmt":"2024-12-01T19:06:55","guid":{"rendered":"https:\/\/www.pomoline.com\/web-pruebas\/producto\/pomo-mueble-rustico-30mm-laton-envejecido\/"},"modified":"2025-03-13T21:13:17","modified_gmt":"2025-03-13T20:13:17","slug":"rustikaler-mobelknopf-30mm-messing-antikisiert","status":"publish","type":"product","link":"https:\/\/www.pomoline.com\/de\/produkt\/rustikaler-mobelknopf-30mm-messing-antikisiert\/","title":{"rendered":"RUSTIKALER M\u00d6BELKNOPF 30MM MESSING ANTIKISIERT"},"content":{"rendered":"<p>Dieses M\u00f6belgriffmodell ist f\u00fcr die Montage an M\u00f6belt\u00fcren oder Schubladen konzipiert und wir liefern es mit den f\u00fcr die Montage notwendigen Schrauben, rustikaler m\u00f6belknopf 30mm messing antikisiert<\/p>\n","protected":false},"excerpt":{"rendered":"<p>Dieses M\u00f6belgriffmodell ist f\u00fcr die Montage an M\u00f6belt\u00fcren oder Schubladen konzipiert und wir liefern es mit den f\u00fcr die Montage notwendigen Schrauben, rustikaler m\u00f6belknopf 30mm messing antikisiert<\/p>\n","protected":false},"featured_media":426901,"template":"","meta":{"_joinchat":[]},"product_brand":[],"product_cat":[969,5187],"product_tag":[],"class_list":{"0":"post-426904","1":"product","2":"type-product","3":"status-publish","4":"has-post-thumbnail","6":"product_cat-griffe-mobelknopfe-gealtertes-metall-klassiker-rustikal-kolonial","7":"product_cat-mobelgriffe-und-knopfe-fur-schubladen","8":"pa_color-schwarz-schrank-griffe-griffe-wandaufhanger-turhaken-mobelbeine","9":"pa_color-alte-messing-schrankknopfe-griffe-wandaufhanger-turhaken-mobelbeine","10":"pa_tendencia-vintage-griffe-knopfe-fur-mobel","12":"first","13":"instock","14":"taxable","15":"shipping-taxable","16":"purchasable","17":"product-type-variable","18":"has-default-attributes","19":"wvs-archive-product-wrapper"},"_links":{"self":[{"href":"https:\/\/www.pomoline.com\/de\/wp-json\/wp\/v2\/product\/426904","targetHints":{"allow":["GET"]}}],"collection":[{"href":"https:\/\/www.pomoline.com\/de\/wp-json\/wp\/v2\/product"}],"about":[{"href":"https:\/\/www.pomoline.com\/de\/wp-json\/wp\/v2\/types\/product"}],"wp:featuredmedia":[{"embeddable":true,"href":"https:\/\/www.pomoline.com\/de\/wp-json\/wp\/v2\/media\/426901"}],"wp:attachment":[{"href":"https:\/\/www.pomoline.com\/de\/wp-json\/wp\/v2\/media?parent=426904"}],"wp:term":[{"taxonomy":"product_brand","embeddable":true,"href":"https:\/\/www.pomoline.com\/de\/wp-json\/wp\/v2\/product_brand?post=426904"},{"taxonomy":"product_cat","embeddable":true,"href":"https:\/\/www.pomoline.com\/de\/wp-json\/wp\/v2\/product_cat?post=426904"},{"taxonomy":"product_tag","embeddable":true,"href":"https:\/\/www.pomoline.com\/de\/wp-json\/wp\/v2\/product_tag?post=426904"}],"curies":[{"name":"wp","href":"https:\/\/api.w.org\/{rel}","templated":true}]}}