{"id":426912,"date":"2024-12-01T20:07:18","date_gmt":"2024-12-01T19:07:18","guid":{"rendered":"https:\/\/www.pomoline.com\/web-pruebas\/producto\/pomo-mueble-rustico-28mm-cuero-vibro\/"},"modified":"2025-03-13T21:13:00","modified_gmt":"2025-03-13T20:13:00","slug":"rustikaler-mobelknopf-28mm-leder-vibro","status":"publish","type":"product","link":"https:\/\/www.pomoline.com\/de\/produkt\/rustikaler-mobelknopf-28mm-leder-vibro\/","title":{"rendered":"RUSTIKALER M\u00d6BELKNOPF 28MM LEDER VIBRO"},"content":{"rendered":"<p>Dieses M\u00f6belgriffmodell ist f\u00fcr die Montage an M\u00f6belt\u00fcren oder Schubladen konzipiert und wir liefern es mit den f\u00fcr die Montage notwendigen Schrauben, rustikaler m\u00f6belknopf 28mm leder vibro<\/p>\n","protected":false},"excerpt":{"rendered":"<p>Dieses M\u00f6belgriffmodell ist f\u00fcr die Montage an M\u00f6belt\u00fcren oder Schubladen konzipiert und wir liefern es mit den f\u00fcr die Montage notwendigen Schrauben, rustikaler m\u00f6belknopf 28mm leder vibro<\/p>\n","protected":false},"featured_media":426909,"template":"","meta":{"_joinchat":[]},"product_brand":[],"product_cat":[969,5187,977],"product_tag":[],"class_list":{"0":"post-426912","1":"product","2":"type-product","3":"status-publish","4":"has-post-thumbnail","6":"product_cat-griffe-mobelknopfe-gealtertes-metall-klassiker-rustikal-kolonial","7":"product_cat-mobelgriffe-und-knopfe-fur-schubladen","8":"product_cat-mobelknopfe-griffe-vintage-shabby-chic-klassische-provence-schublade","9":"pa_color-alte-messing-schrankknopfe-griffe-wandaufhanger-turhaken-mobelbeine","10":"pa_tendencia-rustikal-mobel-griffe-knaufe","12":"first","13":"instock","14":"taxable","15":"shipping-taxable","16":"purchasable","17":"product-type-variable","18":"has-default-attributes","19":"wvs-archive-product-wrapper"},"_links":{"self":[{"href":"https:\/\/www.pomoline.com\/de\/wp-json\/wp\/v2\/product\/426912","targetHints":{"allow":["GET"]}}],"collection":[{"href":"https:\/\/www.pomoline.com\/de\/wp-json\/wp\/v2\/product"}],"about":[{"href":"https:\/\/www.pomoline.com\/de\/wp-json\/wp\/v2\/types\/product"}],"wp:featuredmedia":[{"embeddable":true,"href":"https:\/\/www.pomoline.com\/de\/wp-json\/wp\/v2\/media\/426909"}],"wp:attachment":[{"href":"https:\/\/www.pomoline.com\/de\/wp-json\/wp\/v2\/media?parent=426912"}],"wp:term":[{"taxonomy":"product_brand","embeddable":true,"href":"https:\/\/www.pomoline.com\/de\/wp-json\/wp\/v2\/product_brand?post=426912"},{"taxonomy":"product_cat","embeddable":true,"href":"https:\/\/www.pomoline.com\/de\/wp-json\/wp\/v2\/product_cat?post=426912"},{"taxonomy":"product_tag","embeddable":true,"href":"https:\/\/www.pomoline.com\/de\/wp-json\/wp\/v2\/product_tag?post=426912"}],"curies":[{"name":"wp","href":"https:\/\/api.w.org\/{rel}","templated":true}]}}