{"id":426936,"date":"2024-12-01T20:08:27","date_gmt":"2024-12-01T19:08:27","guid":{"rendered":"https:\/\/www.pomoline.com\/web-pruebas\/producto\/pomo-39mm-bronce-envejecido-porcelana-beige\/"},"modified":"2025-03-13T21:12:08","modified_gmt":"2025-03-13T20:12:08","slug":"knauf-39mm-antik-bronze-antik-beige-porzellan","status":"publish","type":"product","link":"https:\/\/www.pomoline.com\/de\/produkt\/knauf-39mm-antik-bronze-antik-beige-porzellan\/","title":{"rendered":"KNAUF 39MM ANTIK BRONZE ANTIK BEIGE PORZELLAN"},"content":{"rendered":"<p>Dieses M\u00f6belgriffmodell ist f\u00fcr die Montage an M\u00f6belt\u00fcren oder Schubladen konzipiert und wir liefern es mit den f\u00fcr die Montage notwendigen Schrauben, knauf 39mm antik bronze antik beige porzellan<\/p>\n","protected":false},"excerpt":{"rendered":"<p>Dieses M\u00f6belgriffmodell ist f\u00fcr die Montage an M\u00f6belt\u00fcren oder Schubladen konzipiert und wir liefern es mit den f\u00fcr die Montage notwendigen Schrauben, knauf 39mm antik bronze antik beige porzellan<\/p>\n","protected":false},"featured_media":426933,"template":"","meta":{"_joinchat":[]},"product_brand":[],"product_cat":[985,5187],"product_tag":[],"class_list":{"0":"post-426936","1":"product","2":"type-product","3":"status-publish","4":"has-post-thumbnail","6":"product_cat-porzellanknaufe-mobelknaufen","7":"product_cat-mobelgriffe-und-knopfe-fur-schubladen","8":"pa_color-schwarz-schrank-griffe-griffe-wandaufhanger-turhaken-mobelbeine","9":"pa_color-alte-messing-schrankknopfe-griffe-wandaufhanger-turhaken-mobelbeine","10":"pa_color-chrom-schrank-knauf-griffe-wandaufhanger-turhaken-mobel-beine","11":"pa_tendencia-porzellanknopfe-fur-mobel","13":"first","14":"instock","15":"taxable","16":"shipping-taxable","17":"purchasable","18":"product-type-variable","19":"has-default-attributes","20":"wvs-archive-product-wrapper"},"_links":{"self":[{"href":"https:\/\/www.pomoline.com\/de\/wp-json\/wp\/v2\/product\/426936","targetHints":{"allow":["GET"]}}],"collection":[{"href":"https:\/\/www.pomoline.com\/de\/wp-json\/wp\/v2\/product"}],"about":[{"href":"https:\/\/www.pomoline.com\/de\/wp-json\/wp\/v2\/types\/product"}],"wp:featuredmedia":[{"embeddable":true,"href":"https:\/\/www.pomoline.com\/de\/wp-json\/wp\/v2\/media\/426933"}],"wp:attachment":[{"href":"https:\/\/www.pomoline.com\/de\/wp-json\/wp\/v2\/media?parent=426936"}],"wp:term":[{"taxonomy":"product_brand","embeddable":true,"href":"https:\/\/www.pomoline.com\/de\/wp-json\/wp\/v2\/product_brand?post=426936"},{"taxonomy":"product_cat","embeddable":true,"href":"https:\/\/www.pomoline.com\/de\/wp-json\/wp\/v2\/product_cat?post=426936"},{"taxonomy":"product_tag","embeddable":true,"href":"https:\/\/www.pomoline.com\/de\/wp-json\/wp\/v2\/product_tag?post=426936"}],"curies":[{"name":"wp","href":"https:\/\/api.w.org\/{rel}","templated":true}]}}