{"id":427008,"date":"2024-12-01T20:11:58","date_gmt":"2024-12-01T19:11:58","guid":{"rendered":"https:\/\/www.pomoline.com\/web-pruebas\/producto\/tirador-128mm-metal-negro-mate-porcelana-blanca\/"},"modified":"2025-03-13T21:09:34","modified_gmt":"2025-03-13T20:09:34","slug":"griff-128mm-metall-schwarz-matt-porzellan-weis","status":"publish","type":"product","link":"https:\/\/www.pomoline.com\/de\/produkt\/griff-128mm-metall-schwarz-matt-porzellan-weis\/","title":{"rendered":"GRIFF 128MM METALL SCHWARZ MATT PORZELLAN WEI\u00df"},"content":{"rendered":"<p>Dieses M\u00f6belgriffmodell ist f\u00fcr die Montage an M\u00f6belt\u00fcren oder Schubladen konzipiert und wir liefern es mit den f\u00fcr die Montage notwendigen Schrauben, griff 128mm metall schwarz matt porzellan wei\u00df<\/p>\n","protected":false},"excerpt":{"rendered":"<p>Dieses M\u00f6belgriffmodell ist f\u00fcr die Montage an M\u00f6belt\u00fcren oder Schubladen konzipiert und wir liefern es mit den f\u00fcr die Montage notwendigen Schrauben, griff 128mm metall schwarz matt porzellan wei\u00df<\/p>\n","protected":false},"featured_media":427005,"template":"","meta":{"_joinchat":[]},"product_brand":[],"product_cat":[985,5187,3482],"product_tag":[],"class_list":{"0":"post-427008","1":"product","2":"type-product","3":"status-publish","4":"has-post-thumbnail","6":"product_cat-porzellanknaufe-mobelknaufen","7":"product_cat-mobelgriffe-und-knopfe-fur-schubladen","8":"product_cat-mobelknopfe-griffe-industriemobel-chic-verschlissen-naturholz","9":"pa_color-schwarz-schrank-griffe-griffe-wandaufhanger-turhaken-mobelbeine","10":"pa_distancia-agujeros-tornillos-tiradores-96-mm-entre-centros-de-tornillos-cajon-puerta-mueble-de","11":"pa_distancia-agujeros-tornillos-tiradores-128-mm-entre-centros-de-tornillos-cajon-puerta-mueble-de","12":"pa_tendencia-klassische-porzellan-knopfe-fur-mobel","14":"first","15":"instock","16":"taxable","17":"shipping-taxable","18":"purchasable","19":"product-type-variable","20":"has-default-attributes","21":"wvs-archive-product-wrapper"},"_links":{"self":[{"href":"https:\/\/www.pomoline.com\/de\/wp-json\/wp\/v2\/product\/427008","targetHints":{"allow":["GET"]}}],"collection":[{"href":"https:\/\/www.pomoline.com\/de\/wp-json\/wp\/v2\/product"}],"about":[{"href":"https:\/\/www.pomoline.com\/de\/wp-json\/wp\/v2\/types\/product"}],"wp:featuredmedia":[{"embeddable":true,"href":"https:\/\/www.pomoline.com\/de\/wp-json\/wp\/v2\/media\/427005"}],"wp:attachment":[{"href":"https:\/\/www.pomoline.com\/de\/wp-json\/wp\/v2\/media?parent=427008"}],"wp:term":[{"taxonomy":"product_brand","embeddable":true,"href":"https:\/\/www.pomoline.com\/de\/wp-json\/wp\/v2\/product_brand?post=427008"},{"taxonomy":"product_cat","embeddable":true,"href":"https:\/\/www.pomoline.com\/de\/wp-json\/wp\/v2\/product_cat?post=427008"},{"taxonomy":"product_tag","embeddable":true,"href":"https:\/\/www.pomoline.com\/de\/wp-json\/wp\/v2\/product_tag?post=427008"}],"curies":[{"name":"wp","href":"https:\/\/api.w.org\/{rel}","templated":true}]}}