{"id":427032,"date":"2024-12-01T20:13:06","date_gmt":"2024-12-01T19:13:06","guid":{"rendered":"https:\/\/www.pomoline.com\/web-pruebas\/producto\/pomo-mueble-40mm-madera-mango-con-blanco-desgastado\/"},"modified":"2025-03-13T21:08:43","modified_gmt":"2025-03-13T20:08:43","slug":"mobelknopf-40mm-mangoholz-mit-verwittertem-weis","status":"publish","type":"product","link":"https:\/\/www.pomoline.com\/de\/produkt\/mobelknopf-40mm-mangoholz-mit-verwittertem-weis\/","title":{"rendered":"M\u00d6BELKNOPF 40MM MANGOHOLZ MIT VERWITTERTEM WEI\u00df"},"content":{"rendered":"<p>Dieses M\u00f6belgriffmodell ist f\u00fcr die Montage an M\u00f6belt\u00fcren oder Schubladen konzipiert und wir liefern es mit den f\u00fcr die Montage notwendigen Schrauben, m\u00f6belknopf 40mm mangoholz mit verwittertem wei\u00df<\/p>\n","protected":false},"excerpt":{"rendered":"<p>Dieses M\u00f6belgriffmodell ist f\u00fcr die Montage an M\u00f6belt\u00fcren oder Schubladen konzipiert und wir liefern es mit den f\u00fcr die Montage notwendigen Schrauben, m\u00f6belknopf 40mm mangoholz mit verwittertem wei\u00df<\/p>\n","protected":false},"featured_media":427029,"template":"","meta":{"_joinchat":[]},"product_brand":[],"product_cat":[5187,973],"product_tag":[],"class_list":{"0":"post-427032","1":"product","2":"type-product","3":"status-publish","4":"has-post-thumbnail","6":"product_cat-mobelgriffe-und-knopfe-fur-schubladen","7":"product_cat-knopfe-geschliffenes-horn-mobelknopfe-knochen-perlmutt-rustikale-ethnische","8":"pa_color-rohholz-schrank-knauf-griffe-wandaufhanger-turhaken-mobel-beine","9":"pa_tendencia-holzgriffe-und-knauf-fur-mobel","11":"first","12":"instock","13":"taxable","14":"shipping-taxable","15":"purchasable","16":"product-type-variable","17":"has-default-attributes","18":"wvs-archive-product-wrapper"},"_links":{"self":[{"href":"https:\/\/www.pomoline.com\/de\/wp-json\/wp\/v2\/product\/427032","targetHints":{"allow":["GET"]}}],"collection":[{"href":"https:\/\/www.pomoline.com\/de\/wp-json\/wp\/v2\/product"}],"about":[{"href":"https:\/\/www.pomoline.com\/de\/wp-json\/wp\/v2\/types\/product"}],"wp:featuredmedia":[{"embeddable":true,"href":"https:\/\/www.pomoline.com\/de\/wp-json\/wp\/v2\/media\/427029"}],"wp:attachment":[{"href":"https:\/\/www.pomoline.com\/de\/wp-json\/wp\/v2\/media?parent=427032"}],"wp:term":[{"taxonomy":"product_brand","embeddable":true,"href":"https:\/\/www.pomoline.com\/de\/wp-json\/wp\/v2\/product_brand?post=427032"},{"taxonomy":"product_cat","embeddable":true,"href":"https:\/\/www.pomoline.com\/de\/wp-json\/wp\/v2\/product_cat?post=427032"},{"taxonomy":"product_tag","embeddable":true,"href":"https:\/\/www.pomoline.com\/de\/wp-json\/wp\/v2\/product_tag?post=427032"}],"curies":[{"name":"wp","href":"https:\/\/api.w.org\/{rel}","templated":true}]}}