{"id":427104,"date":"2024-12-01T20:16:34","date_gmt":"2024-12-01T19:16:34","guid":{"rendered":"https:\/\/www.pomoline.com\/web-pruebas\/producto\/pomo-abanico-44x31mm-laton-blanco-decape\/"},"modified":"2025-03-13T21:06:43","modified_gmt":"2025-03-13T20:06:43","slug":"lufterknopf-44x31mm-messing-weiss-decape","status":"publish","type":"product","link":"https:\/\/www.pomoline.com\/de\/produkt\/lufterknopf-44x31mm-messing-weiss-decape\/","title":{"rendered":"L\u00dcFTERKNOPF 44X31MM MESSING WEISS DECAPE"},"content":{"rendered":"<p>Dieses M\u00f6belgriffmodell ist f\u00fcr die Montage an M\u00f6belt\u00fcren oder Schubladen konzipiert und wir liefern es mit den f\u00fcr die Montage notwendigen Schrauben, l\u00fcfterknopf 44x31mm messing weiss decape<\/p>\n","protected":false},"excerpt":{"rendered":"<p>Dieses M\u00f6belgriffmodell ist f\u00fcr die Montage an M\u00f6belt\u00fcren oder Schubladen konzipiert und wir liefern es mit den f\u00fcr die Montage notwendigen Schrauben, l\u00fcfterknopf 44x31mm messing weiss decape<\/p>\n","protected":false},"featured_media":427101,"template":"","meta":{"_joinchat":[]},"product_brand":[],"product_cat":[5187,973],"product_tag":[],"class_list":{"0":"post-427104","1":"product","2":"type-product","3":"status-publish","4":"has-post-thumbnail","6":"product_cat-mobelgriffe-und-knopfe-fur-schubladen","7":"product_cat-knopfe-geschliffenes-horn-mobelknopfe-knochen-perlmutt-rustikale-ethnische","8":"pa_color-gold-weiss-patina-schrank-knauf-griffe-wandhaken-tur-haken-mobel-beine","9":"pa_tendencia-schrank-knopfe-moderne-schublade","11":"first","12":"instock","13":"taxable","14":"shipping-taxable","15":"purchasable","16":"product-type-variable","17":"has-default-attributes","18":"wvs-archive-product-wrapper"},"_links":{"self":[{"href":"https:\/\/www.pomoline.com\/de\/wp-json\/wp\/v2\/product\/427104","targetHints":{"allow":["GET"]}}],"collection":[{"href":"https:\/\/www.pomoline.com\/de\/wp-json\/wp\/v2\/product"}],"about":[{"href":"https:\/\/www.pomoline.com\/de\/wp-json\/wp\/v2\/types\/product"}],"wp:featuredmedia":[{"embeddable":true,"href":"https:\/\/www.pomoline.com\/de\/wp-json\/wp\/v2\/media\/427101"}],"wp:attachment":[{"href":"https:\/\/www.pomoline.com\/de\/wp-json\/wp\/v2\/media?parent=427104"}],"wp:term":[{"taxonomy":"product_brand","embeddable":true,"href":"https:\/\/www.pomoline.com\/de\/wp-json\/wp\/v2\/product_brand?post=427104"},{"taxonomy":"product_cat","embeddable":true,"href":"https:\/\/www.pomoline.com\/de\/wp-json\/wp\/v2\/product_cat?post=427104"},{"taxonomy":"product_tag","embeddable":true,"href":"https:\/\/www.pomoline.com\/de\/wp-json\/wp\/v2\/product_tag?post=427104"}],"curies":[{"name":"wp","href":"https:\/\/api.w.org\/{rel}","templated":true}]}}