{"id":427232,"date":"2024-12-01T20:22:50","date_gmt":"2024-12-01T19:22:50","guid":{"rendered":"https:\/\/www.pomoline.com\/web-pruebas\/producto\/asa-aluminio-estriada-128mm-negro-mate\/"},"modified":"2025-03-13T21:02:09","modified_gmt":"2025-03-13T20:02:09","slug":"gerandelter-aluminiumgriff-128mm-mattschwarz","status":"publish","type":"product","link":"https:\/\/www.pomoline.com\/de\/produkt\/gerandelter-aluminiumgriff-128mm-mattschwarz\/","title":{"rendered":"GER\u00c4NDELTER ALUMINIUMGRIFF 128MM MATTSCHWARZ"},"content":{"rendered":"<p>Dieses M\u00f6belgriffmodell ist f\u00fcr die Montage an M\u00f6belt\u00fcren oder Schubladen konzipiert und wir liefern es mit den f\u00fcr die Montage notwendigen Schrauben, ger\u00e4ndelter aluminiumgriff 128mm mattschwarz<\/p>\n","protected":false},"excerpt":{"rendered":"<p>Dieses M\u00f6belgriffmodell ist f\u00fcr die Montage an M\u00f6belt\u00fcren oder Schubladen konzipiert und wir liefern es mit den f\u00fcr die Montage notwendigen Schrauben, ger\u00e4ndelter aluminiumgriff 128mm mattschwarz<\/p>\n","protected":false},"featured_media":427229,"template":"","meta":{"_joinchat":[]},"product_brand":[],"product_cat":[5187,3482,957],"product_tag":[],"class_list":{"0":"post-427232","1":"product","2":"type-product","3":"status-publish","4":"has-post-thumbnail","6":"product_cat-mobelgriffe-und-knopfe-fur-schubladen","7":"product_cat-mobelknopfe-griffe-industriemobel-chic-verschlissen-naturholz","8":"product_cat-moderne-kuchengriffe","9":"pa_color-schwarz-schrank-griffe-griffe-wandaufhanger-turhaken-mobelbeine","10":"pa_distancia-agujeros-tornillos-tiradores-128-mm-entre-centros-de-tornillos-cajon-puerta-mueble-de","11":"pa_distancia-agujeros-tornillos-tiradores-160-mm-entre-centros-de-tornillos-cajon-puerta-mueble-de","12":"pa_tendencia-kuchenschrank-griffe-mobel","14":"first","15":"instock","16":"taxable","17":"shipping-taxable","18":"purchasable","19":"product-type-variable","20":"has-default-attributes","21":"wvs-archive-product-wrapper"},"_links":{"self":[{"href":"https:\/\/www.pomoline.com\/de\/wp-json\/wp\/v2\/product\/427232","targetHints":{"allow":["GET"]}}],"collection":[{"href":"https:\/\/www.pomoline.com\/de\/wp-json\/wp\/v2\/product"}],"about":[{"href":"https:\/\/www.pomoline.com\/de\/wp-json\/wp\/v2\/types\/product"}],"wp:featuredmedia":[{"embeddable":true,"href":"https:\/\/www.pomoline.com\/de\/wp-json\/wp\/v2\/media\/427229"}],"wp:attachment":[{"href":"https:\/\/www.pomoline.com\/de\/wp-json\/wp\/v2\/media?parent=427232"}],"wp:term":[{"taxonomy":"product_brand","embeddable":true,"href":"https:\/\/www.pomoline.com\/de\/wp-json\/wp\/v2\/product_brand?post=427232"},{"taxonomy":"product_cat","embeddable":true,"href":"https:\/\/www.pomoline.com\/de\/wp-json\/wp\/v2\/product_cat?post=427232"},{"taxonomy":"product_tag","embeddable":true,"href":"https:\/\/www.pomoline.com\/de\/wp-json\/wp\/v2\/product_tag?post=427232"}],"curies":[{"name":"wp","href":"https:\/\/api.w.org\/{rel}","templated":true}]}}