{"id":427256,"date":"2024-12-01T20:24:02","date_gmt":"2024-12-01T19:24:02","guid":{"rendered":"https:\/\/www.pomoline.com\/web-pruebas\/producto\/pomo-aluminio-estriado-t-60mm-negro-mate\/"},"modified":"2025-03-13T21:01:18","modified_gmt":"2025-03-13T20:01:18","slug":"aluminium-randelknopf-t-60mm-mattschwarz","status":"publish","type":"product","link":"https:\/\/www.pomoline.com\/de\/produkt\/aluminium-randelknopf-t-60mm-mattschwarz\/","title":{"rendered":"ALUMINIUM-R\u00c4NDELKNOPF T 60MM MATTSCHWARZ"},"content":{"rendered":"<p>Dieses M\u00f6belgriffmodell ist f\u00fcr die Montage an M\u00f6belt\u00fcren oder Schubladen konzipiert und wir liefern es mit den f\u00fcr die Montage notwendigen Schrauben, aluminium-r\u00e4ndelknopf t 60mm mattschwarz<\/p>\n","protected":false},"excerpt":{"rendered":"<p>Dieses M\u00f6belgriffmodell ist f\u00fcr die Montage an M\u00f6belt\u00fcren oder Schubladen konzipiert und wir liefern es mit den f\u00fcr die Montage notwendigen Schrauben, aluminium-r\u00e4ndelknopf t 60mm mattschwarz<\/p>\n","protected":false},"featured_media":427253,"template":"","meta":{"_joinchat":[]},"product_brand":[],"product_cat":[5187,3482,957],"product_tag":[],"class_list":{"0":"post-427256","1":"product","2":"type-product","3":"status-publish","4":"has-post-thumbnail","6":"product_cat-mobelgriffe-und-knopfe-fur-schubladen","7":"product_cat-mobelknopfe-griffe-industriemobel-chic-verschlissen-naturholz","8":"product_cat-moderne-kuchengriffe","9":"pa_color-schwarz-schrank-griffe-griffe-wandaufhanger-turhaken-mobelbeine","10":"pa_tendencia-moderne-designer-mobelgriffe","12":"first","13":"instock","14":"taxable","15":"shipping-taxable","16":"purchasable","17":"product-type-variable","18":"has-default-attributes","19":"wvs-archive-product-wrapper"},"_links":{"self":[{"href":"https:\/\/www.pomoline.com\/de\/wp-json\/wp\/v2\/product\/427256","targetHints":{"allow":["GET"]}}],"collection":[{"href":"https:\/\/www.pomoline.com\/de\/wp-json\/wp\/v2\/product"}],"about":[{"href":"https:\/\/www.pomoline.com\/de\/wp-json\/wp\/v2\/types\/product"}],"wp:featuredmedia":[{"embeddable":true,"href":"https:\/\/www.pomoline.com\/de\/wp-json\/wp\/v2\/media\/427253"}],"wp:attachment":[{"href":"https:\/\/www.pomoline.com\/de\/wp-json\/wp\/v2\/media?parent=427256"}],"wp:term":[{"taxonomy":"product_brand","embeddable":true,"href":"https:\/\/www.pomoline.com\/de\/wp-json\/wp\/v2\/product_brand?post=427256"},{"taxonomy":"product_cat","embeddable":true,"href":"https:\/\/www.pomoline.com\/de\/wp-json\/wp\/v2\/product_cat?post=427256"},{"taxonomy":"product_tag","embeddable":true,"href":"https:\/\/www.pomoline.com\/de\/wp-json\/wp\/v2\/product_tag?post=427256"}],"curies":[{"name":"wp","href":"https:\/\/api.w.org\/{rel}","templated":true}]}}