{"id":427304,"date":"2024-12-01T20:26:24","date_gmt":"2024-12-01T19:26:24","guid":{"rendered":"https:\/\/www.pomoline.com\/web-pruebas\/producto\/pomo-aluminio-20mm-negro-mate\/"},"modified":"2025-03-13T20:59:32","modified_gmt":"2025-03-13T19:59:32","slug":"knauf-aluminium-20mm-mattschwarz","status":"publish","type":"product","link":"https:\/\/www.pomoline.com\/de\/produkt\/knauf-aluminium-20mm-mattschwarz\/","title":{"rendered":"KNAUF ALUMINIUM 20MM MATTSCHWARZ"},"content":{"rendered":"<p>Dieses M\u00f6belgriffmodell ist f\u00fcr die Montage an M\u00f6belt\u00fcren oder Schubladen konzipiert und wir liefern es mit den f\u00fcr die Montage notwendigen Schrauben, knauf aluminium 20mm mattschwarz<\/p>\n","protected":false},"excerpt":{"rendered":"<p>Dieses M\u00f6belgriffmodell ist f\u00fcr die Montage an M\u00f6belt\u00fcren oder Schubladen konzipiert und wir liefern es mit den f\u00fcr die Montage notwendigen Schrauben, knauf aluminium 20mm mattschwarz<\/p>\n","protected":false},"featured_media":427301,"template":"","meta":{"_joinchat":[]},"product_brand":[],"product_cat":[961,5187,3482],"product_tag":[],"class_list":{"0":"post-427304","1":"product","2":"type-product","3":"status-publish","4":"has-post-thumbnail","6":"product_cat-griffe-fur-mobel","7":"product_cat-mobelgriffe-und-knopfe-fur-schubladen","8":"product_cat-mobelknopfe-griffe-industriemobel-chic-verschlissen-naturholz","9":"pa_color-schwarz-schrank-griffe-griffe-wandaufhanger-turhaken-mobelbeine","10":"pa_tendencia-schrank-knopfe-moderne-schublade","12":"first","13":"instock","14":"taxable","15":"shipping-taxable","16":"purchasable","17":"product-type-variable","18":"has-default-attributes","19":"wvs-archive-product-wrapper"},"_links":{"self":[{"href":"https:\/\/www.pomoline.com\/de\/wp-json\/wp\/v2\/product\/427304","targetHints":{"allow":["GET"]}}],"collection":[{"href":"https:\/\/www.pomoline.com\/de\/wp-json\/wp\/v2\/product"}],"about":[{"href":"https:\/\/www.pomoline.com\/de\/wp-json\/wp\/v2\/types\/product"}],"wp:featuredmedia":[{"embeddable":true,"href":"https:\/\/www.pomoline.com\/de\/wp-json\/wp\/v2\/media\/427301"}],"wp:attachment":[{"href":"https:\/\/www.pomoline.com\/de\/wp-json\/wp\/v2\/media?parent=427304"}],"wp:term":[{"taxonomy":"product_brand","embeddable":true,"href":"https:\/\/www.pomoline.com\/de\/wp-json\/wp\/v2\/product_brand?post=427304"},{"taxonomy":"product_cat","embeddable":true,"href":"https:\/\/www.pomoline.com\/de\/wp-json\/wp\/v2\/product_cat?post=427304"},{"taxonomy":"product_tag","embeddable":true,"href":"https:\/\/www.pomoline.com\/de\/wp-json\/wp\/v2\/product_tag?post=427304"}],"curies":[{"name":"wp","href":"https:\/\/api.w.org\/{rel}","templated":true}]}}