{"id":427320,"date":"2024-12-01T20:27:08","date_gmt":"2024-12-01T19:27:08","guid":{"rendered":"https:\/\/www.pomoline.com\/web-pruebas\/producto\/tirador-dorado-cocina-96mm-laton-satinado\/"},"modified":"2025-03-13T20:58:58","modified_gmt":"2025-03-13T19:58:58","slug":"goldener-kuchengriff-96mm-messing-satiniert","status":"publish","type":"product","link":"https:\/\/www.pomoline.com\/de\/produkt\/goldener-kuchengriff-96mm-messing-satiniert\/","title":{"rendered":"GOLDENER K\u00dcCHENGRIFF 96MM MESSING SATINIERT"},"content":{"rendered":"<p>Dieses M\u00f6belgriffmodell ist f\u00fcr die Montage an M\u00f6belt\u00fcren oder Schubladen konzipiert und wir liefern es mit den f\u00fcr die Montage notwendigen Schrauben, goldener k\u00fcchengriff 96mm messing satiniert<\/p>\n","protected":false},"excerpt":{"rendered":"<p>Dieses M\u00f6belgriffmodell ist f\u00fcr die Montage an M\u00f6belt\u00fcren oder Schubladen konzipiert und wir liefern es mit den f\u00fcr die Montage notwendigen Schrauben, goldener k\u00fcchengriff 96mm messing satiniert<\/p>\n","protected":false},"featured_media":427317,"template":"","meta":{"_joinchat":[]},"product_brand":[],"product_cat":[5187,957],"product_tag":[],"class_list":{"0":"post-427320","1":"product","2":"type-product","3":"status-publish","4":"has-post-thumbnail","6":"product_cat-mobelgriffe-und-knopfe-fur-schubladen","7":"product_cat-moderne-kuchengriffe","8":"pa_color-geburstetes-messing-schrankknopfe-griffe-wandhaken-turhaken-mobelbeine","9":"pa_distancia-agujeros-tornillos-tiradores-96-mm-entre-centros-de-tornillos-cajon-puerta-mueble-de","10":"pa_distancia-agujeros-tornillos-tiradores-128-mm-entre-centros-de-tornillos-cajon-puerta-mueble-de","11":"pa_distancia-agujeros-tornillos-tiradores-160-mm-entre-centros-de-tornillos-cajon-puerta-mueble-de","12":"pa_distancia-agujeros-tornillos-tiradores-192-mm-entre-centros-de-tornillos-cajon-puerta-mueble-de","13":"pa_tendencia-kuchenschrank-griffe-mobel","15":"first","16":"instock","17":"taxable","18":"shipping-taxable","19":"purchasable","20":"product-type-variable","21":"has-default-attributes","22":"wvs-archive-product-wrapper"},"_links":{"self":[{"href":"https:\/\/www.pomoline.com\/de\/wp-json\/wp\/v2\/product\/427320","targetHints":{"allow":["GET"]}}],"collection":[{"href":"https:\/\/www.pomoline.com\/de\/wp-json\/wp\/v2\/product"}],"about":[{"href":"https:\/\/www.pomoline.com\/de\/wp-json\/wp\/v2\/types\/product"}],"wp:featuredmedia":[{"embeddable":true,"href":"https:\/\/www.pomoline.com\/de\/wp-json\/wp\/v2\/media\/427317"}],"wp:attachment":[{"href":"https:\/\/www.pomoline.com\/de\/wp-json\/wp\/v2\/media?parent=427320"}],"wp:term":[{"taxonomy":"product_brand","embeddable":true,"href":"https:\/\/www.pomoline.com\/de\/wp-json\/wp\/v2\/product_brand?post=427320"},{"taxonomy":"product_cat","embeddable":true,"href":"https:\/\/www.pomoline.com\/de\/wp-json\/wp\/v2\/product_cat?post=427320"},{"taxonomy":"product_tag","embeddable":true,"href":"https:\/\/www.pomoline.com\/de\/wp-json\/wp\/v2\/product_tag?post=427320"}],"curies":[{"name":"wp","href":"https:\/\/api.w.org\/{rel}","templated":true}]}}