{"id":427360,"date":"2024-12-01T20:28:59","date_gmt":"2024-12-01T19:28:59","guid":{"rendered":"https:\/\/www.pomoline.com\/web-pruebas\/producto\/tirador-cocina-asa-cocina-192mm-inox-mate-largo-total-199mm\/"},"modified":"2025-03-13T20:57:30","modified_gmt":"2025-03-13T19:57:30","slug":"kuchengriff-kuchengriff-192mm-edelstahl-matt-gesamtlange-199mm","status":"publish","type":"product","link":"https:\/\/www.pomoline.com\/de\/produkt\/kuchengriff-kuchengriff-192mm-edelstahl-matt-gesamtlange-199mm\/","title":{"rendered":"K\u00dcCHENGRIFF K\u00dcCHENGRIFF 192MM EDELSTAHL MATT GESAMTL\u00c4NGE 199MM"},"content":{"rendered":"<p>Dieses M\u00f6belgriffmodell ist f\u00fcr die Montage an M\u00f6belt\u00fcren oder Schubladen konzipiert und wir liefern es mit den f\u00fcr die Montage notwendigen Schrauben, k\u00fcchengriff k\u00fcchengriff 192mm edelstahl matt gesamtl\u00e4nge 199mm<\/p>\n","protected":false},"excerpt":{"rendered":"<p>Dieses M\u00f6belgriffmodell ist f\u00fcr die Montage an M\u00f6belt\u00fcren oder Schubladen konzipiert und wir liefern es mit den f\u00fcr die Montage notwendigen Schrauben, k\u00fcchengriff k\u00fcchengriff 192mm edelstahl matt gesamtl\u00e4nge 199mm<\/p>\n","protected":false},"featured_media":427357,"template":"","meta":{"_joinchat":[]},"product_brand":[],"product_cat":[5187,957],"product_tag":[],"class_list":{"0":"post-427360","1":"product","2":"type-product","3":"status-publish","4":"has-post-thumbnail","6":"product_cat-mobelgriffe-und-knopfe-fur-schubladen","7":"product_cat-moderne-kuchengriffe","8":"pa_color-rostfreier-stahl-griffe-griffe-wandaufhanger-turhaken-mobelbeine","9":"pa_distancia-agujeros-tornillos-tiradores-192-mm-entre-centros-de-tornillos-cajon-puerta-mueble-de","10":"pa_distancia-agujeros-tornillos-tiradores-320-mm-entre-centros-de-tornillos-cajon-puerta-mueble-de","11":"pa_tendencia-kuchenschrank-griffe-mobel","13":"first","14":"instock","15":"taxable","16":"shipping-taxable","17":"purchasable","18":"product-type-variable","19":"has-default-attributes","20":"wvs-archive-product-wrapper"},"_links":{"self":[{"href":"https:\/\/www.pomoline.com\/de\/wp-json\/wp\/v2\/product\/427360","targetHints":{"allow":["GET"]}}],"collection":[{"href":"https:\/\/www.pomoline.com\/de\/wp-json\/wp\/v2\/product"}],"about":[{"href":"https:\/\/www.pomoline.com\/de\/wp-json\/wp\/v2\/types\/product"}],"wp:featuredmedia":[{"embeddable":true,"href":"https:\/\/www.pomoline.com\/de\/wp-json\/wp\/v2\/media\/427357"}],"wp:attachment":[{"href":"https:\/\/www.pomoline.com\/de\/wp-json\/wp\/v2\/media?parent=427360"}],"wp:term":[{"taxonomy":"product_brand","embeddable":true,"href":"https:\/\/www.pomoline.com\/de\/wp-json\/wp\/v2\/product_brand?post=427360"},{"taxonomy":"product_cat","embeddable":true,"href":"https:\/\/www.pomoline.com\/de\/wp-json\/wp\/v2\/product_cat?post=427360"},{"taxonomy":"product_tag","embeddable":true,"href":"https:\/\/www.pomoline.com\/de\/wp-json\/wp\/v2\/product_tag?post=427360"}],"curies":[{"name":"wp","href":"https:\/\/api.w.org\/{rel}","templated":true}]}}